{"id":17529,"date":"2025-11-17T14:45:35","date_gmt":"2025-11-17T14:45:35","guid":{"rendered":"https:\/\/ke.kubota-eu.com\/groundcare\/?page_id=17529"},"modified":"2025-12-02T07:51:47","modified_gmt":"2025-12-02T07:51:47","slug":"offre-pro-paysalia-2025","status":"publish","type":"page","link":"https:\/\/ke.kubota-eu.com\/groundcare\/fr\/offre-pro-paysalia-2025\/","title":{"rendered":"Offres Pro Paysalia 2025"},"content":{"rendered":"<section class=\"wpb-content-wrapper\"><p>[vc_row][vc_column][vc_column_text]<strong>OFFRE PRO FC2<\/strong><br \/>\n<strong>A PARTIR DE 299\u20acHT\/ mois sur 60 mois<\/strong><br \/>\n<strong>Conditions de financement :<\/strong><br \/>\n&#8211; Offre r\u00e9serv\u00e9e aux professionnels et valable sur la gamme de tracteurs compacts et tondeuses neufs de la marque KUBOTA dans les concessions participant \u00e0 l\u2019op\u00e9ration.<br \/>\n&#8211; Exemple de financement en cr\u00e9dit-bail sur 60 mois pour une tondeuse FC2-221 neuve sans outils frontal au prix indicatif de 16 741 \u20ac HT. Exemple donn\u00e9 sur les 3 premiers loyers mensuels \u00e0 0 \u20ac suivi<br \/>\nde 1 loyer \u00e0 1 800\u20ac HT puis de 56 loyers \u00e0 299\u20ac HT payables en terme \u00e0 \u00e9choir et par pr\u00e9l\u00e8vement automatique. Option d\u2019achat de 837,05\u20ac HT payable un mois apr\u00e8s le dernier loyer.<br \/>\nFrais de dossier de 130\u20ac HT et assurances facultatives. Offre valable pour toute commande sign\u00e9e avant le 31\/12\/2025 et une livraison intervenant avant le 31\/03\/2026, non compatible<br \/>\navec une autre offre commerciale KUBOTA Finance en cours, et sous r\u00e9serve d\u2019acceptation du dossier de financement par KUBOTA Finance d\u00e9partement de BNP Paribas Lease<br \/>\nGroup \u2013 SA au capital de 285 079 248 euros \u2013 18 rue Baudin \u2013 92300 Levallois-Perret \u2013 632 017 513 RCS Nanterre. N\u00b0ORIAS 070 23 146\u2013 www.orias.fr. Offre modifiable \u00e0 tout<br \/>\nmoment et sans pr\u00e9avis par BNP Paribas Lease Group.<br \/>\n&#8211; Garantie constructeur incluse de 1 000 h ou 5 ans qui se composent des 2 ann\u00e9es de garantie de conformit\u00e9 et 3 ann\u00e9es de garantie commerciale &#8211; au premier terme \u00e9chu.<\/p>\n<p><strong>OFFRE PRO LX<\/strong><br \/>\n<strong>A PARTIR DE 599\u20acHT\/ mois sur 60 mois<\/strong><br \/>\n<strong>Conditions de financement :<\/strong><br \/>\n&#8211; Offre r\u00e9serv\u00e9e aux professionnels et valable sur la gamme de tracteurs compacts et tondeuses neufs de la marque KUBOTA dans les concessions participant \u00e0 l\u2019op\u00e9ration.<br \/>\n&#8211; Exemple de financement en cr\u00e9dit-bail sur 60 mois pour un tracteur compact LX-401 HDUA neuf au prix indicatif de 37 620 \u20ac HT. Exemple donn\u00e9 sur 59 loyers mensuels \u00e0 599\u20ac HT<br \/>\npayables en terme \u00e0 \u00e9choir et par pr\u00e9l\u00e8vement automatique et avec un premier loyer major\u00e9 de 4 300\u20ac HT. Option d\u2019achat de 3 762\u20ac HT payable un mois apr\u00e8s le dernier loyer. Frais<br \/>\nde dossier de 130\u20ac HT et assurances facultatives. Offre valable pour toute commande sign\u00e9e avant le 31\/12\/2025 et une livraison intervenant avant le 31\/03\/2026, non compatible avec<br \/>\nune autre offre commerciale KUBOTA Finance en cours, et sous r\u00e9serve d\u2019acceptation du dossier de financement par KUBOTA Finance d\u00e9partement de BNP Paribas Lease Group \u2013<br \/>\nSA au capital de 285 079 248 euros \u2013 18 rue Baudin \u2013 92300 Levallois-Perret \u2013 632 017 513 RCS Nanterre. N\u00b0ORIAS 070 23 146\u2013 www.orias.fr. Offre modifiable \u00e0 tout moment et<br \/>\nsans pr\u00e9avis par BNP Paribas Lease Group.<br \/>\n&#8211; Garantie constructeur incluse de 1 000 h ou 5 ans qui se composent des 2 ann\u00e9es de garantie de conformit\u00e9 et 3 ann\u00e9es de garantie commerciale &#8211; au premier terme \u00e9chu.<\/p>\n<p><strong>OFFRE PRO Z4<\/strong><br \/>\n<strong>A PARTIR DE 199\u20acHT\/ mois sur 60 mois<\/strong><br \/>\n<strong>Conditions de financement :<\/strong><br \/>\n&#8211; Offre r\u00e9serv\u00e9e aux professionnels et valable sur la gamme de tracteurs compacts et tondeuses neufs de la marque KUBOTA dans les concessions participant \u00e0 l\u2019op\u00e9ration.<br \/>\n&#8211; Exemple de financement en cr\u00e9dit-bail sur 60 mois pour une tondeuse Z4-541 RD neuve au prix indicatif de 12 852 \u20ac HT. Exemple donn\u00e9 sur 59 loyers mensuels \u00e0 199\u20ac HT payables<br \/>\nen terme \u00e0 \u00e9choir et par pr\u00e9l\u00e8vement automatique et avec un premier loyer major\u00e9 de 1 850\u20ac HT. Option d\u2019achat de 1 156,68\u20ac HT payable un mois apr\u00e8s le dernier loyer. Frais de<br \/>\ndossier de 130\u20ac HT et assurances facultatives. Offre valable pour toute commande sign\u00e9e avant le 31\/12\/2025 et une livraison intervenant avant le 31\/03\/2026, non compatible avec<br \/>\nune autre offre commerciale KUBOTA Finance en cours, et sous r\u00e9serve d\u2019acceptation du dossier de financement par KUBOTA Finance d\u00e9partement de BNP Paribas Lease Group \u2013<br \/>\nSA au capital de 285 079 248 euros \u2013 18 rue Baudin \u2013 92300 Levallois-Perret \u2013 632 017 513 RCS Nanterre. N\u00b0ORIAS 070 23 146\u2013 www.orias.fr. Offre modifiable \u00e0 tout moment et<br \/>\nsans pr\u00e9avis par BNP Paribas Lease Group.<br \/>\n&#8211; Garantie constructeur incluse de 1 000 h ou 5 ans qui se composent des 2 ann\u00e9es de garantie de conformit\u00e9 et 3 ann\u00e9es de garantie commerciale &#8211; au premier terme \u00e9chu.[\/vc_column_text][\/vc_column][\/vc_row]<\/p>\n<\/section>","protected":false},"excerpt":{"rendered":"<p>[vc_row][vc_column][vc_column_text]OFFRE PRO FC2 A PARTIR DE 299\u20acHT\/ mois sur 60 mois Conditions de financement : &#8211; Offre r\u00e9serv\u00e9e aux professionnels et valable sur la gamme de tracteurs compacts et tondeuses neufs de la marque KUBOTA dans les concessions participant \u00e0 l\u2019op\u00e9ration. &#8211; Exemple de financement en cr\u00e9dit-bail sur 60 mois pour une tondeuse FC2-221 neuve[&#8230;]<\/p>\n","protected":false},"author":83,"featured_media":0,"parent":0,"menu_order":0,"comment_status":"closed","ping_status":"closed","template":"","meta":{"footnotes":"","_expiration-date-status":"","_expiration-date":0,"_expiration-date-type":"","_expiration-date-categories":[],"_expiration-date-options":[]},"class_list":["post-17529","page","type-page","status-publish","hentry"],"acf":[],"_links":{"self":[{"href":"https:\/\/ke.kubota-eu.com\/groundcare\/fr\/wp-json\/wp\/v2\/pages\/17529","targetHints":{"allow":["GET"]}}],"collection":[{"href":"https:\/\/ke.kubota-eu.com\/groundcare\/fr\/wp-json\/wp\/v2\/pages"}],"about":[{"href":"https:\/\/ke.kubota-eu.com\/groundcare\/fr\/wp-json\/wp\/v2\/types\/page"}],"author":[{"embeddable":true,"href":"https:\/\/ke.kubota-eu.com\/groundcare\/fr\/wp-json\/wp\/v2\/users\/83"}],"replies":[{"embeddable":true,"href":"https:\/\/ke.kubota-eu.com\/groundcare\/fr\/wp-json\/wp\/v2\/comments?post=17529"}],"version-history":[{"count":6,"href":"https:\/\/ke.kubota-eu.com\/groundcare\/fr\/wp-json\/wp\/v2\/pages\/17529\/revisions"}],"predecessor-version":[{"id":17560,"href":"https:\/\/ke.kubota-eu.com\/groundcare\/fr\/wp-json\/wp\/v2\/pages\/17529\/revisions\/17560"}],"wp:attachment":[{"href":"https:\/\/ke.kubota-eu.com\/groundcare\/fr\/wp-json\/wp\/v2\/media?parent=17529"}],"curies":[{"name":"wp","href":"https:\/\/api.w.org\/{rel}","templated":true}]}}