{"id":16711,"date":"2025-04-30T12:42:54","date_gmt":"2025-04-30T12:42:54","guid":{"rendered":"https:\/\/ke.kubota-eu.com\/groundcare\/?page_id=16711"},"modified":"2025-07-03T11:30:16","modified_gmt":"2025-07-03T11:30:16","slug":"offre-exclusive-kubota-bx","status":"publish","type":"page","link":"https:\/\/ke.kubota-eu.com\/groundcare\/fr\/offre-exclusive-kubota-bx\/","title":{"rendered":"Offre exclusive KUBOTA"},"content":{"rendered":"<section class=\"wpb-content-wrapper\"><p>[vc_row][vc_column width=\u00a0\u00bb1\/2&Prime;][vc_column_text]<\/p>\n<h3><strong><span style=\"color: #ef7b12;\">Offre exclusive\u00b9 KUBOTA sur les tracteurs BX: Compacts, puissants et pr\u00eats \u00e0 tout !\u2028<\/span><\/strong><\/h3>\n<p>Profitez d\u2019une offre exceptionnelle valable jusqu\u2019au 30\/06\/2025 chez les concessionnaires Kubota participants.<\/p>\n<p>\ud83d\udc49<strong> \u00c0 partir de 13 490\u20ac HT\u00b2, avec 5 ans de garantie constructeur INCLUSE\u00b3 !<\/strong><\/p>\n<p>Disponible imm\u00e9diatement (dans la limite des stocks disponibles), ce mod\u00e8le compact et performant est pr\u00eat \u00e0 r\u00e9pondre \u00e0 tous vos besoins.<\/p>\n<p><strong>Pourquoi choisir la s\u00e9rie BX KUBOTA ?\u2028<\/strong><\/p>\n<ul>\n<li>Un moteur KUBOTA, fiable et robuste<\/li>\n<li>Une facilit\u00e9 de prise en main hors pair<\/li>\n<li>Une transmission hydrostatique puissante<\/li>\n<li>Une polyvalence in\u00e9gal\u00e9e sur le march\u00e9 dans sa cat\u00e9gorie<\/li>\n<li>Beaucoup d\u2019accessoires disponibles pour s\u2019adapter \u00e0 vos\u2028besoins<\/li>\n<\/ul>\n<p>\ud83e\udd1d <strong>Votre BX vous attend en concession !<\/strong>[\/vc_column_text][\/vc_column][vc_column width=\u00a0\u00bb1\/2&Prime;][vc_single_image image=\u00a0\u00bb16736&Prime; img_size=\u00a0\u00bbfull\u00a0\u00bb][\/vc_column][\/vc_row][vc_row][vc_column width=\u00a0\u00bb1\/3&Prime;][vc_column_text]<a href=\"https:\/\/ke.kubota-eu.com\/fr\/service-support\/nos-concessionnaires\/\"><span style=\"border: 1px solid #EF7B12; color: #ef7b12; padding: 7px; font-size: 14px;\"><strong>Trouver un concessionnaire <\/strong><\/span><\/a>[\/vc_column_text][\/vc_column][vc_column width=\u00a0\u00bb1\/3&Prime;][vc_column_text]<a href=\"https:\/\/ke.kubota-eu.com\/groundcare\/fr\/series\/bx\/\"><span style=\"border: 1px solid #EF7B12; color: #ef7b12; padding: 7px; font-size: 14px;\"><strong>En savoir plus sur la s\u00e9rie BX<\/strong><\/span><\/a>[\/vc_column_text][\/vc_column][vc_column width=\u00a0\u00bb1\/3&Prime;][vc_column_text]<a href=\"#contact-custom-form\"><span style=\"border: 1px solid #EF7B12; color: #ef7b12; padding: 7px; font-size: 14px;\"><strong>Contactez-nous<\/strong><\/span><\/a>[\/vc_column_text][\/vc_column][\/vc_row][vc_row][vc_column][vc_column_text]\u00b9Offre valable en France m\u00e9tropolitaine chez les concessionnaires participants \u00e0 l\u2019op\u00e9ration, du 10\/04\/2025 au 30\/09\/2025 &#8211; Quantit\u00e9s limit\u00e9es \u2013 applicable sur un tracteur compact BX-231 D immatricul\u00e9 avec roues gazon AV 18&#215;8.50-10 AR 26&#215;12.00-12, si\u00e8ge PVC \u00e0 suspension m\u00e9canique, 4 roues motrices, hors options disponibles, hors frais de pr\u00e9paration et d&rsquo;immatriculation, photo non contractuelle, consultez les concessionnaires KUBOTA sur : https:\/\/ke.kubota-eu.com\/fr\/service-support\/nos-concessionnaires\/<\/p>\n<p>\u00b2Offre \u00e0 partir de 13 490\u20ac HT pour un BX-231 D, roues gazon AV 18&#215;8.50-10 AR 26&#215;12.00-12, si\u00e8ge PVC \u00e0 suspension m\u00e9canique, 4 roues motrices et un moteur Kubota Stage V.<\/p>\n<p>\u00b35 ans de garantie qui se composent des 2 ann\u00e9es de garantie de conformit\u00e9 et 3 ann\u00e9es de garantie commerciale ou 1 000 heures.[\/vc_column_text][\/vc_column][\/vc_row]<\/p>\n<\/section>","protected":false},"excerpt":{"rendered":"<p>[vc_row][vc_column width=\u00a0\u00bb1\/2&Prime;][vc_column_text] Offre exclusive\u00b9 KUBOTA sur les tracteurs BX: Compacts, puissants et pr\u00eats \u00e0 tout !\u2028 Profitez d\u2019une offre exceptionnelle valable jusqu\u2019au 30\/06\/2025 chez les concessionnaires Kubota participants. \ud83d\udc49 \u00c0 partir de 13 490\u20ac HT\u00b2, avec 5 ans de garantie constructeur INCLUSE\u00b3 ! Disponible imm\u00e9diatement (dans la limite des stocks disponibles), ce mod\u00e8le compact et[&#8230;]<\/p>\n","protected":false},"author":1,"featured_media":0,"parent":0,"menu_order":0,"comment_status":"closed","ping_status":"closed","template":"","meta":{"footnotes":"","_expiration-date-status":"","_expiration-date":0,"_expiration-date-type":"","_expiration-date-categories":[],"_expiration-date-options":[]},"class_list":["post-16711","page","type-page","status-publish","hentry"],"acf":[],"_links":{"self":[{"href":"https:\/\/ke.kubota-eu.com\/groundcare\/fr\/wp-json\/wp\/v2\/pages\/16711","targetHints":{"allow":["GET"]}}],"collection":[{"href":"https:\/\/ke.kubota-eu.com\/groundcare\/fr\/wp-json\/wp\/v2\/pages"}],"about":[{"href":"https:\/\/ke.kubota-eu.com\/groundcare\/fr\/wp-json\/wp\/v2\/types\/page"}],"author":[{"embeddable":true,"href":"https:\/\/ke.kubota-eu.com\/groundcare\/fr\/wp-json\/wp\/v2\/users\/1"}],"replies":[{"embeddable":true,"href":"https:\/\/ke.kubota-eu.com\/groundcare\/fr\/wp-json\/wp\/v2\/comments?post=16711"}],"version-history":[{"count":13,"href":"https:\/\/ke.kubota-eu.com\/groundcare\/fr\/wp-json\/wp\/v2\/pages\/16711\/revisions"}],"predecessor-version":[{"id":16993,"href":"https:\/\/ke.kubota-eu.com\/groundcare\/fr\/wp-json\/wp\/v2\/pages\/16711\/revisions\/16993"}],"wp:attachment":[{"href":"https:\/\/ke.kubota-eu.com\/groundcare\/fr\/wp-json\/wp\/v2\/media?parent=16711"}],"curies":[{"name":"wp","href":"https:\/\/api.w.org\/{rel}","templated":true}]}}