{"id":11453,"date":"2020-11-26T09:19:51","date_gmt":"2020-11-26T09:19:51","guid":{"rendered":"https:\/\/ke.kubota-eu.com\/groundcare\/?page_id=11453"},"modified":"2020-11-27T15:12:41","modified_gmt":"2020-11-27T15:12:41","slug":"kubota-finance-facilite-les-acquisitions-espaces-verts","status":"publish","type":"page","link":"https:\/\/ke.kubota-eu.com\/groundcare\/fr\/kubota-finance-facilite-les-acquisitions-espaces-verts\/","title":{"rendered":"KUBOTA Finance facilite les acquisitions espaces verts"},"content":{"rendered":"<section class=\"wpb-content-wrapper\"><p>[vc_row css=\u00a0\u00bb.vc_custom_1605794928958{margin-right: 10% !important;margin-left: 10% !important;}\u00a0\u00bb][vc_column][vc_column_text]<\/p>\n<p style=\"text-align: center\"><strong><span style=\"color: #000000\">Kubota pense \u00e0 vous et ne vous oublie pas pendant cette p\u00e9riode de reconfinement\u00a0difficile pour tous !<\/span><\/strong><\/p>\n<p style=\"text-align: center\"><strong><span style=\"color: #000000\">Kubota Finance vous propose un cr\u00e9dit-bail, sur tous ses mod\u00e8les espaces verts, \u00e0 co\u00fbt ZERO*\u00a0!<\/span><\/strong><\/p>\n<p style=\"text-align: center\"><strong>Cette offre est disponible sur 36 mois et estvalable jusqu\u2019au 31 d\u00e9cembre 2020 que ce soit sur les tondeusesautoport\u00e9es,\u00a0 les robots, les tracteurscompacts ou les v\u00e9hicules utilitaires !<\/strong><\/p>\n<p>[\/vc_column_text][\/vc_column][\/vc_row][vc_row css=\u00a0\u00bb.vc_custom_1605795002032{margin-top: 5% !important;margin-right: 5% !important;margin-left: 5% !important;}\u00a0\u00bb][vc_column width=\u00a0\u00bb1\/2&Prime;][vc_single_image image=\u00a0\u00bb11601&Prime; img_size=\u00a0\u00bbfull\u00a0\u00bb alignment=\u00a0\u00bbcenter\u00a0\u00bb][\/vc_column][vc_column width=\u00a0\u00bb1\/2&Prime; css=\u00a0\u00bb.vc_custom_1605795087932{margin-left: 3% !important;}\u00a0\u00bb][vc_column_text]<\/p>\n<p style=\"text-align: justify\"><strong><span style=\"color: #000000\">Rapprochez-vous de votre concessionnaire le plus proche de chez vous, il vous communiquera toutes les informations n\u00e9cessaires.<\/span><\/strong><\/p>\n<p>[\/vc_column_text][vc_column_text]<\/p>\n<p style=\"text-align: justify\"><span style=\"font-weight: 400;color: #000000\">Kubota propose des financements clairs, transparents et comp\u00e9titifs \u00e0 m\u00eame de vous aider \u00e0 ma\u00eetriser et r\u00e9duire votre budget mensuel par rapport aux mensualit\u00e9s d\u2019un cr\u00e9dit \u00e0 dur\u00e9e \u00e9quivalente. Ces financements Kubota r\u00e9pondent parfaitement aux besoins des professionnels d\u00e9sireux de pr\u00e9server leur tr\u00e9sorerie, optimiser leur fiscalit\u00e9 et maintenir leur capacit\u00e9 d&rsquo;investissement.<\/span><\/p>\n<p>[\/vc_column_text][vc_column_text]<span style=\"color: #000000\"><b>D\u00e9couvrez le mod\u00e8le qui vous convient le mieux<\/b><\/span>[\/vc_column_text][vc_column_text]<\/p>\n<p style=\"text-align: justify\"><span style=\"font-weight: 400;color: #000000\">Au sein de la gamme Kubota, choisissez le mod\u00e8le qui r\u00e9pond \u00e0 vos exigences en termes de caract\u00e9ristiques techniques, d\u2019\u00e9quipements et d\u2019options et rapprochez-vous de votre distributeur Kubota, qui sera \u00e0 m\u00eame de vous conseiller.<\/span><\/p>\n<p style=\"text-align: justify\"><span style=\"font-weight: 400;color: #000000\">Kubota s\u2019engage \u00e0 vos c\u00f4t\u00e9s au moment de l\u2019achat et tout au long de son cycle de vie. Votre concessionnaire local construit avec vous une solution personnalis\u00e9e au juste prix, conform\u00e9ment \u00e0 vos attentes.<\/span><\/p>\n<p>[\/vc_column_text][\/vc_column][\/vc_row][vc_row css=\u00a0\u00bb.vc_custom_1605802699750{margin-top: 5% !important;margin-right: 5% !important;margin-left: 5% !important;}\u00a0\u00bb][vc_column width=\u00a0\u00bb1\/3&Prime;][vc_column_text]<\/p>\n<h6 style=\"text-align: center\"><a href=\"https:\/\/ke.kubota-eu.com\/fr\/service-support\/nos-concessionnaires\/\"><span style=\"color: white;background: #00a8a9;padding: 7px\">Mon concessionnaire Kubota<\/span><\/a><\/h6>\n<p>[\/vc_column_text][\/vc_column][vc_column width=\u00a0\u00bb1\/3&Prime;][vc_column_text]<\/p>\n<h6 style=\"text-align: center\"><a href=\"https:\/\/ke.kubota-eu.com\/groundcare\/fr\/\"><span style=\"color: white;background: #00a8a9;padding: 7px\">Nos produits Espaces Verts<\/span><\/a><\/h6>\n<p>[\/vc_column_text][\/vc_column][vc_column width=\u00a0\u00bb1\/3&Prime;][vc_column_text]<\/p>\n<h6 style=\"text-align: center\"><a href=\"https:\/\/ke.kubota-eu.com\/fr\/contact\/\"><span style=\"color: white;background: #00a8a9;padding: 7px\">Nous contacter<\/span><\/a><\/h6>\n<p>[\/vc_column_text][\/vc_column][\/vc_row][vc_row css=\u00a0\u00bb.vc_custom_1605796404894{margin-top: 5% !important;margin-right: 5% !important;margin-left: 5% !important;}\u00a0\u00bb][vc_column][vc_column_text]<\/p>\n<p style=\"text-align: justify\"><span style=\"font-weight: 400\"><small>* Exemple de co\u00fbt total calcul\u00e9 au terme du financement en cr\u00e9dit-bail, option d&rsquo;achat comprise, d&rsquo;un <\/small><\/span><span style=\"font-weight: 400\"><small>mat\u00e9riel de la gamme espaces verts de la marque Kubota <\/small><\/span><span style=\"font-weight: 400\"><small>au prix indicatif de 15 000 \u20ac HT\u00a0: 1<\/small><\/span><span style=\"font-weight: 400\">er<\/span><span style=\"font-weight: 400\"><small> loyer major\u00e9 d\u2019un montant de 1 500 \u20ac HT suivi de 35 loyers mensuels \u00e0 381,45 \u20ac HT, hors frais de dossier et assurances, et une option d&rsquo;achat finale de 149,25 \u20ac HT,<\/small><\/span><span style=\"font-weight: 400\"><small> soit un co\u00fbt total de 15\u00a0000 \u20ac HT au bout des 36 mois.<\/small><\/span><\/p>\n<p style=\"text-align: justify\"><span style=\"font-weight: 400\"><small>Cette offre est r\u00e9serv\u00e9e aux professionnels et valable sur les mat\u00e9riels de la gamme espaces verts de la marque Kubota et commercialis\u00e9s par les distributeurs Kubota participant \u00e0 l\u2019op\u00e9ration, command\u00e9s au plus tard avant le 31 d\u00e9cembre 2020.<\/small><\/span><\/p>\n<p style=\"text-align: justify\"><span style=\"font-weight: 400\"><small>Les loyers sont payables mensuellement en terme \u00e0 \u00e9choir et par pr\u00e9l\u00e8vement automatique, hors assurances et frais de dossier. Offre non compatible avec une autre offre commerciale Kubota Finance en cours.<\/small><\/span><\/p>\n<p style=\"text-align: justify\"><span style=\"font-weight: 400\"><small>Sous r\u00e9serve d\u2019acceptation du dossier de financement par Kubota Finance d\u00e9partement de BNP Paribas Lease Group \u2013 SA au capital de 285 079248 euros \u2013 12 rue du Port \u2013 92000 Nanterre \u2013 632 017 513 RCS Nanterre. N\u00b0ORIAS 150 06 905 \u2013\u00a0<\/small><\/span><a href=\"http:\/\/www.orias.fr\/\"><span style=\"font-weight: 400\"><small>www.orias.fr<\/small><\/span><\/a><\/p>\n<p style=\"text-align: justify\"><span style=\"font-weight: 400\"><small>Offre modifiable \u00e0 tout moment et sans pr\u00e9avis par BNP Paribas Lease Group.<\/small><\/span><\/p>\n<p>[\/vc_column_text][\/vc_column][\/vc_row]<\/p>\n<\/section>","protected":false},"excerpt":{"rendered":"<p>[vc_row css=\u00a0\u00bb.vc_custom_1605794928958{margin-right: 10% !important;margin-left: 10% !important;}\u00a0\u00bb][vc_column][vc_column_text] Kubota pense \u00e0 vous et ne vous oublie pas pendant cette p\u00e9riode de reconfinement\u00a0difficile pour tous ! Kubota Finance vous propose un cr\u00e9dit-bail, sur tous ses mod\u00e8les espaces verts, \u00e0 co\u00fbt ZERO*\u00a0! Cette offre est disponible sur 36 mois et estvalable jusqu\u2019au 31 d\u00e9cembre 2020 que ce soit sur[&#8230;]<\/p>\n","protected":false},"author":501,"featured_media":0,"parent":0,"menu_order":0,"comment_status":"closed","ping_status":"closed","template":"","meta":{"footnotes":"","_expiration-date-status":"saved","_expiration-date":0,"_expiration-date-type":"","_expiration-date-categories":[],"_expiration-date-options":[]},"class_list":["post-11453","page","type-page","status-publish","hentry"],"acf":[],"_links":{"self":[{"href":"https:\/\/ke.kubota-eu.com\/groundcare\/fr\/wp-json\/wp\/v2\/pages\/11453","targetHints":{"allow":["GET"]}}],"collection":[{"href":"https:\/\/ke.kubota-eu.com\/groundcare\/fr\/wp-json\/wp\/v2\/pages"}],"about":[{"href":"https:\/\/ke.kubota-eu.com\/groundcare\/fr\/wp-json\/wp\/v2\/types\/page"}],"author":[{"embeddable":true,"href":"https:\/\/ke.kubota-eu.com\/groundcare\/fr\/wp-json\/wp\/v2\/users\/501"}],"replies":[{"embeddable":true,"href":"https:\/\/ke.kubota-eu.com\/groundcare\/fr\/wp-json\/wp\/v2\/comments?post=11453"}],"version-history":[{"count":43,"href":"https:\/\/ke.kubota-eu.com\/groundcare\/fr\/wp-json\/wp\/v2\/pages\/11453\/revisions"}],"predecessor-version":[{"id":11606,"href":"https:\/\/ke.kubota-eu.com\/groundcare\/fr\/wp-json\/wp\/v2\/pages\/11453\/revisions\/11606"}],"wp:attachment":[{"href":"https:\/\/ke.kubota-eu.com\/groundcare\/fr\/wp-json\/wp\/v2\/media?parent=11453"}],"curies":[{"name":"wp","href":"https:\/\/api.w.org\/{rel}","templated":true}]}}