{"id":64945,"date":"2023-11-13T11:30:40","date_gmt":"2023-11-13T11:30:40","guid":{"rendered":"https:\/\/ke.kubota-eu.com\/kubota-connect-simply-monitored\/"},"modified":"2025-10-20T07:27:06","modified_gmt":"2025-10-20T07:27:06","slug":"kubota-connect-simply-monitored","status":"publish","type":"page","link":"https:\/\/ke.kubota-eu.com\/fr\/kubota-connect-simply-monitored\/","title":{"rendered":"Kubota Connect &#8211; suivi simplifi\u00e9"},"content":{"rendered":"<section class=\"wpb-content-wrapper\"><p>[vc_row css=\u00a0\u00bb.vc_custom_1699876629595{margin-right: 8% !important;margin-left: 8% !important;}\u00a0\u00bb][vc_column][vc_column_text]<\/p>\n<div style=\"font-size: 24px\"><span style=\"color: #000000\">Kubota Connect<\/span><\/div>\n<p>&nbsp;<\/p>\n<div style=\"font-size: 18px\"><span style=\"color: #000000\"><strong>Gardez un \u0153il sur votre tracteur &#8211; \u00e0 distance<\/strong><\/span><\/div>\n<div style=\"font-size: 18px\"><span style=\"color: #000000\">La solution Kubota Connect vous aide \u00e0 rester productif et \u00e0 prot\u00e9ger l&rsquo;un des actifs les plus importants de votre exploitation : Votre tracteur. Le suivi de votre (vos) tracteur(s) \u00e0 distance garantit l&rsquo;efficacit\u00e9 et la s\u00e9curit\u00e9 &#8211; sans parler de la tranquillit\u00e9 d&rsquo;esprit.<\/span><\/div>\n<div style=\"font-size: 18px\">\n<p><span style=\"color: #000000\">Avec Kubota Connect, vous pouvez suivre vos tracteurs \u00e0 distance, planifier plus facilement l&rsquo;entretien et la maintenance, pr\u00e9venir le vol de vos machines et b\u00e9n\u00e9ficier d&rsquo;encore plus de fonctionnalit\u00e9s utiles de cette solution moderne.<\/span><\/p>\n<div style=\"font-size: 18px\">\n<p><span style=\"color: #000000\">Vous souhaitez avoir un contr\u00f4le total sur votre tracteur, m\u00eame \u00e0 distance ? Alors Kubota Connect est la solution qu&rsquo;il vous faut !<\/span><\/p>\n<div style=\"font-size: 18px\">\n<p><span style=\"color: #000000\"><strong>Voici ce que Kubota Connect vous offre :<\/strong><\/span><\/p>\n<ul>\n<li><span style=\"color: #000000\">Acc\u00e8s central avec un seul Login<\/span><\/li>\n<li><span style=\"color: #000000\">Suivi du tracteur m\u00eame \u00e0 partir de votre Smartphone<\/span><\/li>\n<li><span style=\"color: #000000\">Rappels pour l&rsquo;entretien<\/span><\/li>\n<li><span style=\"color: #000000\">R\u00e9ponse plus rapide en cas de vol<\/span><\/li>\n<\/ul>\n<div style=\"font-size: 18px\"><span style=\"color: #000000\"><strong>Acc\u00e8s central<\/strong><\/span><\/div>\n<div style=\"font-size: 18px\"><span style=\"color: #000000\">La solution t\u00e9l\u00e9matique Kubota Connect permet un suivi \u00e0 distance fiable d&rsquo;un ou plusieurs tracteurs &#8211; m\u00eame mobiles.<\/span><\/div>\n<\/div>\n<\/div>\n<\/div>\n<p>[\/vc_column_text][vc_video link=\u00a0\u00bbhttps:\/\/youtu.be\/onYyLRfrUNQ\u00a0\u00bb align=\u00a0\u00bbcenter\u00a0\u00bb][\/vc_column][\/vc_row]<\/p>\n<\/section>","protected":false},"excerpt":{"rendered":"<p>[vc_row css=\u00a0\u00bb.vc_custom_1699876629595{margin-right: 8% !important;margin-left: 8% !important;}\u00a0\u00bb][vc_column][vc_column_text] Kubota Connect &nbsp; Gardez un \u0153il sur votre tracteur &#8211; \u00e0 distance La solution Kubota Connect vous aide \u00e0 rester productif et \u00e0 prot\u00e9ger l&rsquo;un des actifs les plus importants de votre exploitation : Votre tracteur. Le suivi de votre (vos) tracteur(s) \u00e0 distance garantit l&rsquo;efficacit\u00e9 et la s\u00e9curit\u00e9[&#8230;]<\/p>\n","protected":false},"author":1,"featured_media":0,"parent":0,"menu_order":0,"comment_status":"closed","ping_status":"closed","template":"","meta":{"footnotes":"","_expiration-date-status":"","_expiration-date":0,"_expiration-date-type":"","_expiration-date-categories":[],"_expiration-date-options":[]},"class_list":["post-64945","page","type-page","status-publish","hentry"],"acf":[],"_links":{"self":[{"href":"https:\/\/ke.kubota-eu.com\/fr\/wp-json\/wp\/v2\/pages\/64945","targetHints":{"allow":["GET"]}}],"collection":[{"href":"https:\/\/ke.kubota-eu.com\/fr\/wp-json\/wp\/v2\/pages"}],"about":[{"href":"https:\/\/ke.kubota-eu.com\/fr\/wp-json\/wp\/v2\/types\/page"}],"author":[{"embeddable":true,"href":"https:\/\/ke.kubota-eu.com\/fr\/wp-json\/wp\/v2\/users\/1"}],"replies":[{"embeddable":true,"href":"https:\/\/ke.kubota-eu.com\/fr\/wp-json\/wp\/v2\/comments?post=64945"}],"version-history":[{"count":4,"href":"https:\/\/ke.kubota-eu.com\/fr\/wp-json\/wp\/v2\/pages\/64945\/revisions"}],"predecessor-version":[{"id":71730,"href":"https:\/\/ke.kubota-eu.com\/fr\/wp-json\/wp\/v2\/pages\/64945\/revisions\/71730"}],"wp:attachment":[{"href":"https:\/\/ke.kubota-eu.com\/fr\/wp-json\/wp\/v2\/media?parent=64945"}],"curies":[{"name":"wp","href":"https:\/\/api.w.org\/{rel}","templated":true}]}}