{"id":55614,"date":"2020-12-14T13:51:39","date_gmt":"2020-12-14T13:51:39","guid":{"rendered":"https:\/\/ke.kubota-eu.com\/?page_id=55614"},"modified":"2020-12-14T16:59:01","modified_gmt":"2020-12-14T16:59:01","slug":"reglages-charrue-kubota","status":"publish","type":"page","link":"https:\/\/ke.kubota-eu.com\/fr\/reglages-charrue-kubota\/","title":{"rendered":"R\u00e9glages charrue Kubota"},"content":{"rendered":"<section class=\"wpb-content-wrapper\"><p>[vc_row css=\u00a0\u00bb.vc_custom_1607965098109{margin-right: 8% !important;margin-left: 8% !important;}\u00a0\u00bb][vc_column][vc_column_text]<\/p>\n<p style=\"text-align: justify;\">Obtenir le meilleur labour possible n\u00e9cessite de r\u00e9gler correctement le tracteur ainsi que la charrue. Les premiers r\u00e9glages peuvent \u00eatre effectu\u00e9s avant le labour, sur le tracteur et sur la charrue. D\u2019autres r\u00e9glages doivent \u00eatre r\u00e9alis\u00e9s aux champs. Suivez nos conseils pas \u00e0 pas dans cette vid\u00e9o.<\/p>\n<p>[\/vc_column_text][vc_video link=\u00a0\u00bbhttps:\/\/www.youtube.com\/watch?v=u8n8ssS9JQg\u00a0\u00bb align=\u00a0\u00bbcenter\u00a0\u00bb][\/vc_column][\/vc_row][vc_row css=\u00a0\u00bb.vc_custom_1607965138246{margin-right: 8% !important;margin-left: 8% !important;}\u00a0\u00bb][vc_column width=\u00a0\u00bb1\/3&Prime;][vc_column_text css=\u00a0\u00bb.vc_custom_1607680336211{margin-top: 0px !important;margin-bottom: 0px !important;border-top-width: 0px !important;border-bottom-width: 0px !important;padding-top: 0px !important;padding-bottom: 0px !important;}\u00a0\u00bb]<\/p>\n<p style=\"text-align: center;\"><strong><img decoding=\"async\" class=\"alignnone wp-image-55636\" src=\"https:\/\/ke.kubota-eu.com\/wp-content\/uploads\/2020\/12\/rm2.jpg\" alt=\"\" width=\"347\" height=\"204\" srcset=\"https:\/\/ke.kubota-eu.com\/wp-content\/uploads\/2020\/12\/rm2.jpg 800w, https:\/\/ke.kubota-eu.com\/wp-content\/uploads\/2020\/12\/rm2-300x176.jpg 300w, https:\/\/ke.kubota-eu.com\/wp-content\/uploads\/2020\/12\/rm2-768x451.jpg 768w, https:\/\/ke.kubota-eu.com\/wp-content\/uploads\/2020\/12\/rm2-218x128.jpg 218w, https:\/\/ke.kubota-eu.com\/wp-content\/uploads\/2020\/12\/rm2-600x353.jpg 600w, https:\/\/ke.kubota-eu.com\/wp-content\/uploads\/2020\/12\/rm2-284x167.jpg 284w, https:\/\/ke.kubota-eu.com\/wp-content\/uploads\/2020\/12\/rm2-100x59.jpg 100w\" sizes=\"(max-width: 347px) 100vw, 347px\" \/><br \/>\nLa RM2000 est le choix parfait pour un travail sur des sols l\u00e9gers \u00e0 moyens.<br \/>\n<\/strong><\/p>\n<p>[\/vc_column_text][vc_btn title=\u00a0\u00bbEn savoir plus\u00a0\u00bb shape=\u00a0\u00bbsquare\u00a0\u00bb color=\u00a0\u00bbdefault\u00a0\u00bb css=\u00a0\u00bb.vc_custom_1607960157423{margin-top: 0px !important;margin-bottom: 0px !important;border-top-width: 0px !important;border-bottom-width: 0px !important;padding-top: 0px !important;padding-bottom: 0px !important;}\u00a0\u00bb link=\u00a0\u00bburl:https%3A%2F%2Fke.kubota-eu.com%2Fagriculture%2Ffr%2Foutils-agricoles%2Frm2000%2F|||\u00a0\u00bb][\/vc_column][vc_column width=\u00a0\u00bb1\/3&Prime;][vc_column_text css=\u00a0\u00bb.vc_custom_1607679734469{margin-top: 0px !important;margin-bottom: 0px !important;border-top-width: 0px !important;border-bottom-width: 0px !important;padding-top: 0px !important;padding-bottom: 0px !important;}\u00a0\u00bb]<\/p>\n<p style=\"text-align: center;\"><strong><img decoding=\"async\" class=\"alignnone wp-image-55627\" src=\"https:\/\/ke.kubota-eu.com\/wp-content\/uploads\/2020\/12\/rm1.jpg\" alt=\"\" width=\"347\" height=\"205\" srcset=\"https:\/\/ke.kubota-eu.com\/wp-content\/uploads\/2020\/12\/rm1.jpg 800w, https:\/\/ke.kubota-eu.com\/wp-content\/uploads\/2020\/12\/rm1-300x176.jpg 300w, https:\/\/ke.kubota-eu.com\/wp-content\/uploads\/2020\/12\/rm1-768x451.jpg 768w, https:\/\/ke.kubota-eu.com\/wp-content\/uploads\/2020\/12\/rm1-218x128.jpg 218w, https:\/\/ke.kubota-eu.com\/wp-content\/uploads\/2020\/12\/rm1-600x353.jpg 600w, https:\/\/ke.kubota-eu.com\/wp-content\/uploads\/2020\/12\/rm1-284x167.jpg 284w, https:\/\/ke.kubota-eu.com\/wp-content\/uploads\/2020\/12\/rm1-100x59.jpg 100w\" sizes=\"(max-width: 347px) 100vw, 347px\" \/><br \/>\nLa RM2000V est le choix parfait pour des tracteurs allant jusqu&rsquo;\u00e0 150 CV.<br \/>\n<\/strong><\/p>\n<p>[\/vc_column_text][vc_btn title=\u00a0\u00bbEn savoir plus\u00a0\u00bb shape=\u00a0\u00bbsquare\u00a0\u00bb color=\u00a0\u00bbdefault\u00a0\u00bb link=\u00a0\u00bburl:https%3A%2F%2Fke.kubota-eu.com%2Fagriculture%2Ffr%2Foutils-agricoles%2Ffr-rm2000v%2F|||\u00a0\u00bb][\/vc_column][vc_column width=\u00a0\u00bb1\/3&Prime;][vc_column_text css=\u00a0\u00bb.vc_custom_1607960477451{margin-top: 0px !important;margin-bottom: 0px !important;border-top-width: 0px !important;border-bottom-width: 0px !important;padding-top: 0px !important;padding-bottom: 0px !important;}\u00a0\u00bb]<\/p>\n<p style=\"text-align: center;\"><strong><a href=\"https:\/\/ke.kubota-eu.com\/wp-content\/uploads\/2020\/12\/rm3.png\"><img decoding=\"async\" class=\"alignnone wp-image-55690 \" src=\"https:\/\/ke.kubota-eu.com\/wp-content\/uploads\/2020\/12\/rm3-300x176.png\" alt=\"\" width=\"370\" height=\"217\" srcset=\"https:\/\/ke.kubota-eu.com\/wp-content\/uploads\/2020\/12\/rm3-300x176.png 300w, https:\/\/ke.kubota-eu.com\/wp-content\/uploads\/2020\/12\/rm3-768x451.png 768w, https:\/\/ke.kubota-eu.com\/wp-content\/uploads\/2020\/12\/rm3-218x128.png 218w, https:\/\/ke.kubota-eu.com\/wp-content\/uploads\/2020\/12\/rm3-600x353.png 600w, https:\/\/ke.kubota-eu.com\/wp-content\/uploads\/2020\/12\/rm3-284x167.png 284w, https:\/\/ke.kubota-eu.com\/wp-content\/uploads\/2020\/12\/rm3-100x59.png 100w, https:\/\/ke.kubota-eu.com\/wp-content\/uploads\/2020\/12\/rm3.png 800w\" sizes=\"(max-width: 370px) 100vw, 370px\" \/><\/a><br \/>\n<\/strong><\/p>\n<p style=\"text-align: center;\"><strong>La RM2005 est id\u00e9ale en conditions pierreuses, l\u00e9g\u00e8re et robuste.<br \/>\n<\/strong><\/p>\n<p>[\/vc_column_text][vc_btn title=\u00a0\u00bbEn savoir plus\u00a0\u00bb shape=\u00a0\u00bbsquare\u00a0\u00bb color=\u00a0\u00bbdefault\u00a0\u00bb link=\u00a0\u00bburl:https%3A%2F%2Fke.kubota-eu.com%2Fagriculture%2Ffr%2Foutils-agricoles%2Ffr-rm2005%2F|||\u00a0\u00bb][\/vc_column][\/vc_row][vc_row css=\u00a0\u00bb.vc_custom_1607965144775{margin-right: 8% !important;margin-left: 8% !important;}\u00a0\u00bb][vc_column width=\u00a0\u00bb1\/3&Prime;][vc_column_text css=\u00a0\u00bb.vc_custom_1607680534966{margin-top: 0px !important;margin-bottom: 0px !important;border-top-width: 0px !important;border-bottom-width: 0px !important;padding-top: 0px !important;padding-bottom: 0px !important;}\u00a0\u00bb]<\/p>\n<p style=\"text-align: center;\"><strong><img decoding=\"async\" class=\"alignnone wp-image-55647\" src=\"https:\/\/ke.kubota-eu.com\/wp-content\/uploads\/2020\/12\/rm4.jpg\" alt=\"\" width=\"347\" height=\"204\" srcset=\"https:\/\/ke.kubota-eu.com\/wp-content\/uploads\/2020\/12\/rm4.jpg 800w, https:\/\/ke.kubota-eu.com\/wp-content\/uploads\/2020\/12\/rm4-300x176.jpg 300w, https:\/\/ke.kubota-eu.com\/wp-content\/uploads\/2020\/12\/rm4-768x451.jpg 768w, https:\/\/ke.kubota-eu.com\/wp-content\/uploads\/2020\/12\/rm4-218x128.jpg 218w, https:\/\/ke.kubota-eu.com\/wp-content\/uploads\/2020\/12\/rm4-600x353.jpg 600w, https:\/\/ke.kubota-eu.com\/wp-content\/uploads\/2020\/12\/rm4-284x167.jpg 284w, https:\/\/ke.kubota-eu.com\/wp-content\/uploads\/2020\/12\/rm4-100x59.jpg 100w\" sizes=\"(max-width: 347px) 100vw, 347px\" \/><br \/>\nLa RM2005V est le choix parfait pour des tracteurs allant jusqu\u2019\u00e0 150 CV.<\/strong><\/p>\n<p>[\/vc_column_text][vc_btn title=\u00a0\u00bbEn savoir plus\u00a0\u00bb shape=\u00a0\u00bbsquare\u00a0\u00bb color=\u00a0\u00bbdefault\u00a0\u00bb align=\u00a0\u00bbleft\u00a0\u00bb link=\u00a0\u00bburl:https%3A%2F%2Fke.kubota-eu.com%2Fagriculture%2Ffr%2Foutils-agricoles%2Ffr-rm2005v%2F|||\u00a0\u00bb][\/vc_column][vc_column width=\u00a0\u00bb1\/3&Prime;][vc_column_text css=\u00a0\u00bb.vc_custom_1607680838285{margin-top: 0px !important;margin-bottom: 0px !important;border-top-width: 0px !important;border-bottom-width: 0px !important;padding-top: 0px !important;padding-bottom: 0px !important;}\u00a0\u00bb]<\/p>\n<p style=\"text-align: center;\"><strong><img decoding=\"async\" class=\"alignnone wp-image-55652\" src=\"https:\/\/ke.kubota-eu.com\/wp-content\/uploads\/2020\/12\/rm5.jpg\" alt=\"\" width=\"347\" height=\"204\" srcset=\"https:\/\/ke.kubota-eu.com\/wp-content\/uploads\/2020\/12\/rm5.jpg 800w, https:\/\/ke.kubota-eu.com\/wp-content\/uploads\/2020\/12\/rm5-300x176.jpg 300w, https:\/\/ke.kubota-eu.com\/wp-content\/uploads\/2020\/12\/rm5-768x451.jpg 768w, https:\/\/ke.kubota-eu.com\/wp-content\/uploads\/2020\/12\/rm5-218x128.jpg 218w, https:\/\/ke.kubota-eu.com\/wp-content\/uploads\/2020\/12\/rm5-600x353.jpg 600w, https:\/\/ke.kubota-eu.com\/wp-content\/uploads\/2020\/12\/rm5-284x167.jpg 284w, https:\/\/ke.kubota-eu.com\/wp-content\/uploads\/2020\/12\/rm5-100x59.jpg 100w\" sizes=\"(max-width: 347px) 100vw, 347px\" \/><br \/>\n<\/strong><b>RM3000V : id\u00e9ale pour faire face \u00e0 des conditions plus difficiles.<\/b><\/p>\n<p>[\/vc_column_text][vc_btn title=\u00a0\u00bbEn savoir plus\u00a0\u00bb shape=\u00a0\u00bbsquare\u00a0\u00bb color=\u00a0\u00bbdefault\u00a0\u00bb align=\u00a0\u00bbleft\u00a0\u00bb link=\u00a0\u00bburl:https%3A%2F%2Fke.kubota-eu.com%2Fagriculture%2Ffr%2Foutils-agricoles%2Ffr-rm3000v%2F|||\u00a0\u00bb][\/vc_column][vc_column width=\u00a0\u00bb1\/3&Prime;][vc_column_text css=\u00a0\u00bb.vc_custom_1607680865448{margin-top: 0px !important;margin-bottom: 0px !important;border-top-width: 0px !important;border-bottom-width: 0px !important;padding-top: 0px !important;padding-bottom: 0px !important;}\u00a0\u00bb]<\/p>\n<p style=\"text-align: center;\"><strong><img decoding=\"async\" class=\"alignnone wp-image-55657\" src=\"https:\/\/ke.kubota-eu.com\/wp-content\/uploads\/2020\/12\/rm6.jpg\" alt=\"\" width=\"347\" height=\"204\" srcset=\"https:\/\/ke.kubota-eu.com\/wp-content\/uploads\/2020\/12\/rm6.jpg 800w, https:\/\/ke.kubota-eu.com\/wp-content\/uploads\/2020\/12\/rm6-300x176.jpg 300w, https:\/\/ke.kubota-eu.com\/wp-content\/uploads\/2020\/12\/rm6-768x451.jpg 768w, https:\/\/ke.kubota-eu.com\/wp-content\/uploads\/2020\/12\/rm6-218x128.jpg 218w, https:\/\/ke.kubota-eu.com\/wp-content\/uploads\/2020\/12\/rm6-600x353.jpg 600w, https:\/\/ke.kubota-eu.com\/wp-content\/uploads\/2020\/12\/rm6-284x167.jpg 284w, https:\/\/ke.kubota-eu.com\/wp-content\/uploads\/2020\/12\/rm6-100x59.jpg 100w\" sizes=\"(max-width: 347px) 100vw, 347px\" \/><br \/>\n<\/strong><b>RM3005V : faire face \u00e0 un terrain plus difficile et des conditions pierreuses.<\/b><\/p>\n<p>[\/vc_column_text][vc_btn title=\u00a0\u00bbEn savoir plus\u00a0\u00bb shape=\u00a0\u00bbsquare\u00a0\u00bb color=\u00a0\u00bbdefault\u00a0\u00bb align=\u00a0\u00bbleft\u00a0\u00bb link=\u00a0\u00bburl:https%3A%2F%2Fke.kubota-eu.com%2Fagriculture%2Ffr%2Foutils-agricoles%2Ffr-rm3005v%2F|||\u00a0\u00bb][\/vc_column][\/vc_row]<\/p>\n<\/section>","protected":false},"excerpt":{"rendered":"<p>[vc_row css=\u00a0\u00bb.vc_custom_1607965098109{margin-right: 8% !important;margin-left: 8% !important;}\u00a0\u00bb][vc_column][vc_column_text] Obtenir le meilleur labour possible n\u00e9cessite de r\u00e9gler correctement le tracteur ainsi que la charrue. Les premiers r\u00e9glages peuvent \u00eatre effectu\u00e9s avant le labour, sur le tracteur et sur la charrue. D\u2019autres r\u00e9glages doivent \u00eatre r\u00e9alis\u00e9s aux champs. Suivez nos conseils pas \u00e0 pas dans cette vid\u00e9o. [\/vc_column_text][vc_video link=\u00a0\u00bbhttps:\/\/www.youtube.com\/watch?v=u8n8ssS9JQg\u00a0\u00bb[&#8230;]<\/p>\n","protected":false},"author":1,"featured_media":0,"parent":0,"menu_order":0,"comment_status":"closed","ping_status":"closed","template":"","meta":{"footnotes":"","_expiration-date-status":"saved","_expiration-date":0,"_expiration-date-type":"","_expiration-date-categories":[],"_expiration-date-options":[]},"class_list":["post-55614","page","type-page","status-publish","hentry"],"acf":[],"_links":{"self":[{"href":"https:\/\/ke.kubota-eu.com\/fr\/wp-json\/wp\/v2\/pages\/55614","targetHints":{"allow":["GET"]}}],"collection":[{"href":"https:\/\/ke.kubota-eu.com\/fr\/wp-json\/wp\/v2\/pages"}],"about":[{"href":"https:\/\/ke.kubota-eu.com\/fr\/wp-json\/wp\/v2\/types\/page"}],"author":[{"embeddable":true,"href":"https:\/\/ke.kubota-eu.com\/fr\/wp-json\/wp\/v2\/users\/1"}],"replies":[{"embeddable":true,"href":"https:\/\/ke.kubota-eu.com\/fr\/wp-json\/wp\/v2\/comments?post=55614"}],"version-history":[{"count":27,"href":"https:\/\/ke.kubota-eu.com\/fr\/wp-json\/wp\/v2\/pages\/55614\/revisions"}],"predecessor-version":[{"id":55739,"href":"https:\/\/ke.kubota-eu.com\/fr\/wp-json\/wp\/v2\/pages\/55614\/revisions\/55739"}],"wp:attachment":[{"href":"https:\/\/ke.kubota-eu.com\/fr\/wp-json\/wp\/v2\/media?parent=55614"}],"curies":[{"name":"wp","href":"https:\/\/api.w.org\/{rel}","templated":true}]}}