{"id":54519,"date":"2020-07-24T08:24:35","date_gmt":"2020-07-24T08:24:35","guid":{"rendered":"https:\/\/ke.kubota-eu.com\/?page_id=54519"},"modified":"2024-02-07T23:14:01","modified_gmt":"2024-02-07T23:14:01","slug":"kubota-finance","status":"publish","type":"page","link":"https:\/\/ke.kubota-eu.com\/fr\/kubota-finance\/","title":{"rendered":"Kubota Finance"},"content":{"rendered":"<section class=\"wpb-content-wrapper\"><p>[vc_row][vc_column][vc_column_text]<\/p>\n<h6 style=\"text-align: justify;\">Depuis sa cr\u00e9ation en 2015, 1 tracteur sur 2 est financ\u00e9 par KUBOTA Finance.<br \/>\nChaque ann\u00e9e nous continuons de faire \u00e9voluer nos produits gr\u00e2ce \u00e0 un partenariat harmonis\u00e9 qui se renforce de plus en plus dans le panorama agricole.<\/h6>\n<p>[\/vc_column_text][\/vc_column][\/vc_row]<\/p>\n<\/section>","protected":false},"excerpt":{"rendered":"<p>[vc_row][vc_column][vc_column_text] Depuis sa cr\u00e9ation en 2015, 1 tracteur sur 2 est financ\u00e9 par KUBOTA Finance. Chaque ann\u00e9e nous continuons de faire \u00e9voluer nos produits gr\u00e2ce \u00e0 un partenariat harmonis\u00e9 qui se renforce de plus en plus dans le panorama agricole. [\/vc_column_text][\/vc_column][\/vc_row]<\/p>\n","protected":false},"author":1,"featured_media":0,"parent":0,"menu_order":0,"comment_status":"closed","ping_status":"closed","template":"page-templates\/page-sale-services.php","meta":{"footnotes":"","_expiration-date-status":"","_expiration-date":0,"_expiration-date-type":"","_expiration-date-categories":[],"_expiration-date-options":[]},"class_list":["post-54519","page","type-page","status-publish","hentry"],"acf":[],"_links":{"self":[{"href":"https:\/\/ke.kubota-eu.com\/fr\/wp-json\/wp\/v2\/pages\/54519","targetHints":{"allow":["GET"]}}],"collection":[{"href":"https:\/\/ke.kubota-eu.com\/fr\/wp-json\/wp\/v2\/pages"}],"about":[{"href":"https:\/\/ke.kubota-eu.com\/fr\/wp-json\/wp\/v2\/types\/page"}],"author":[{"embeddable":true,"href":"https:\/\/ke.kubota-eu.com\/fr\/wp-json\/wp\/v2\/users\/1"}],"replies":[{"embeddable":true,"href":"https:\/\/ke.kubota-eu.com\/fr\/wp-json\/wp\/v2\/comments?post=54519"}],"version-history":[{"count":16,"href":"https:\/\/ke.kubota-eu.com\/fr\/wp-json\/wp\/v2\/pages\/54519\/revisions"}],"predecessor-version":[{"id":64174,"href":"https:\/\/ke.kubota-eu.com\/fr\/wp-json\/wp\/v2\/pages\/54519\/revisions\/64174"}],"wp:attachment":[{"href":"https:\/\/ke.kubota-eu.com\/fr\/wp-json\/wp\/v2\/media?parent=54519"}],"curies":[{"name":"wp","href":"https:\/\/api.w.org\/{rel}","templated":true}]}}