{"id":758,"date":"2021-03-16T00:48:44","date_gmt":"2021-03-16T00:48:44","guid":{"rendered":"https:\/\/ke.kubota-eu.com\/engines\/?page_id=758"},"modified":"2021-03-22T14:58:51","modified_gmt":"2021-03-22T14:58:51","slug":"the-new-kubota-09-series","status":"publish","type":"page","link":"https:\/\/ke.kubota-eu.com\/engines\/fr\/the-new-kubota-09-series\/","title":{"rendered":"The New Kubota 09 Series"},"content":{"rendered":"<section class=\"wpb-content-wrapper\"><p>[vc_row css=\u00a0\u00bb.vc_custom_1615864290874{margin-top: -100px !important;margin-left: 8% !important;border-top-width: -100px !important;padding-top: -100px !important;}\u00a0\u00bb][vc_column width=\u00a0\u00bb1\/6&Prime; css=\u00a0\u00bb.vc_custom_1615863716785{margin-bottom: -30px !important;border-bottom-width: -30px !important;padding-bottom: -30px !important;}\u00a0\u00bb][vc_column_text]<\/p>\n<p style=\"text-align: center;\"><span style=\"color: #000000;\"><strong><a href=\"https:\/\/ke.kubota-eu.com\/engines\/wp-content\/uploads\/sites\/3\/2021\/03\/img_top01.png\"><img decoding=\"async\" class=\"aligncenter wp-image-882 size-medium\" src=\"https:\/\/ke.kubota-eu.com\/engines\/wp-content\/uploads\/sites\/3\/2021\/03\/img_top01-300x272.png\" alt=\"\" width=\"300\" height=\"272\" srcset=\"https:\/\/ke.kubota-eu.com\/engines\/wp-content\/uploads\/sites\/3\/2021\/03\/img_top01-300x272.png 300w, https:\/\/ke.kubota-eu.com\/engines\/wp-content\/uploads\/sites\/3\/2021\/03\/img_top01-206x187.png 206w, https:\/\/ke.kubota-eu.com\/engines\/wp-content\/uploads\/sites\/3\/2021\/03\/img_top01-184x167.png 184w, https:\/\/ke.kubota-eu.com\/engines\/wp-content\/uploads\/sites\/3\/2021\/03\/img_top01-83x75.png 83w, https:\/\/ke.kubota-eu.com\/engines\/wp-content\/uploads\/sites\/3\/2021\/03\/img_top01.png 320w\" sizes=\"(max-width: 300px) 100vw, 300px\" \/><\/a><br \/>\n<\/strong><\/span><\/p>\n<p style=\"font-size: 19px; text-align: center;\"><span style=\"color: #00a8a9;\"><strong>Haute puissance<br \/>\nDensit\u00e9 de puissance<\/strong><\/span><\/p>\n<p class=\"text\" style=\"text-align: center; font-size: 12px;\">Le moteur compact \u00e0 4 cylindres offre<br \/>\nune puissance \u00e9lev\u00e9e de 157,3 kW.<\/p>\n<p>[\/vc_column_text][\/vc_column][vc_column width=\u00a0\u00bb1\/6&Prime;][vc_column_text]<\/p>\n<p style=\"text-align: center;\"><span style=\"color: #000000;\"><strong><a href=\"https:\/\/ke.kubota-eu.com\/engines\/wp-content\/uploads\/sites\/3\/2021\/03\/img_top01.png\"><img decoding=\"async\" class=\"alignnone size-medium wp-image-882\" src=\"https:\/\/ke.kubota-eu.com\/engines\/wp-content\/uploads\/sites\/3\/2021\/03\/img_top02.png\" alt=\"\" width=\"300\" height=\"272\" \/><\/a><br \/>\n<\/strong><\/span><\/p>\n<p style=\"font-size: 19px; text-align: center;\"><span style=\"color: #00a8a9;\"><strong>Facile<br \/>\nMaintenance<br \/>\n<\/strong><\/span><\/p>\n<p class=\"text\" style=\"text-align: center; font-size: 12px;\">Entretien sur un seul c\u00f4t\u00e9<br \/>\net le tendeur de courroie automatique<br \/>\nvous permettent un entretien facile<\/p>\n<p>[\/vc_column_text][\/vc_column][vc_column width=\u00a0\u00bb1\/6&Prime;][vc_column_text]<\/p>\n<p style=\"text-align: center;\"><span style=\"color: #000000;\"><strong><a href=\"https:\/\/ke.kubota-eu.com\/engines\/wp-content\/uploads\/sites\/3\/2021\/03\/img_top04.png\"><img decoding=\"async\" class=\"alignnone size-medium wp-image-882\" src=\"https:\/\/ke.kubota-eu.com\/engines\/wp-content\/uploads\/sites\/3\/2021\/03\/img_top03.png\" alt=\"\" width=\"300\" height=\"272\" \/><\/a><br \/>\n<\/strong><\/span><\/p>\n<p style=\"font-size: 19px; text-align: center;\"><span style=\"color: #00a8a9;\"><strong>Haute puissance<br \/>\nDensit\u00e9<br \/>\n<\/strong><\/span><\/p>\n<p class=\"text\" style=\"text-align: center; font-size: 12px;\">Le moteur compact \u00e0 4 cylindres offre<br \/>\nune puissance \u00e9lev\u00e9e de 157,3 kW.<\/p>\n<p>[\/vc_column_text][\/vc_column][vc_column width=\u00a0\u00bb1\/6&Prime;][vc_column_text]<\/p>\n<p style=\"text-align: center;\"><span style=\"color: #000000;\"><strong><a href=\"https:\/\/ke.kubota-eu.com\/engines\/wp-content\/uploads\/sites\/3\/2021\/03\/img_top04.png\"><img decoding=\"async\" class=\"alignnone size-medium wp-image-882\" src=\"https:\/\/ke.kubota-eu.com\/engines\/wp-content\/uploads\/sites\/3\/2021\/03\/img_top04.png\" alt=\"\" width=\"300\" height=\"272\" \/><\/a><br \/>\n<\/strong><\/span><\/p>\n<p style=\"font-size: 19px; text-align: center;\"><span style=\"color: #00a8a9;\"><strong>Conformit\u00e9 aux normes<br \/>\nd&rsquo;\u00e9missions<br \/>\n<\/strong><\/span><\/p>\n<p class=\"text\" style=\"text-align: center; font-size: 12px;\">Le moteur Kubota de la s\u00e9rie 09 est conforme \u00e0 la norme EU Stage V et EPA\/CARB Tier 4 Final.<\/p>\n<p>[\/vc_column_text][\/vc_column][vc_column width=\u00a0\u00bb1\/6&Prime;][vc_column_text]<\/p>\n<p style=\"text-align: center;\"><span style=\"color: #000000;\"><strong><a href=\"https:\/\/ke.kubota-eu.com\/engines\/wp-content\/uploads\/sites\/3\/2021\/03\/img_top05.jpg\"><img decoding=\"async\" class=\"alignnone size-medium wp-image-882\" src=\"https:\/\/ke.kubota-eu.com\/engines\/wp-content\/uploads\/sites\/3\/2021\/03\/img_top05.jpg\" alt=\"\" width=\"300\" height=\"272\" \/><\/a><br \/>\n<\/strong><\/span><\/p>\n<p style=\"font-size: 19px; text-align: center;\"><span style=\"color: #00a8a9;\"><strong>T\u00e9l\u00e9matique d&rsquo;ing\u00e9nierie<\/strong><\/span><\/p>\n<p class=\"text\" style=\"text-align: center; font-size: 12px;\">Visualisez rapidement les conditions de<br \/>\nvotre moteur par des donn\u00e9es pour contribuer<br \/>\nvotre d\u00e9veloppement plus rapide.<\/p>\n<p>[\/vc_column_text][\/vc_column][vc_column width=\u00a0\u00bb1\/6&Prime;][\/vc_column][\/vc_row][vc_row css=\u00a0\u00bb.vc_custom_1615860943761{margin-right: 8% !important;margin-bottom: -100px !important;margin-left: 8% !important;border-top-width: -300px !important;border-bottom-width: -100px !important;padding-top: -300px !important;padding-bottom: -100px !important;}\u00a0\u00bb][vc_column width=\u00a0\u00bb1\/3&Prime;][vc_empty_space height=\u00a0\u00bb100px\u00a0\u00bb css=\u00a0\u00bb.vc_custom_1615858651799{margin-bottom: -50px !important;border-bottom-width: -50px !important;padding-bottom: -50px !important;}\u00a0\u00bb][vc_single_image image=\u00a0\u00bb804&Prime; img_size=\u00a0\u00bbfull\u00a0\u00bb css=\u00a0\u00bb.vc_custom_1615861068992{margin-bottom: -70px !important;border-bottom-width: -70px !important;padding-bottom: -70px !important;}\u00a0\u00bb][vc_column_text css=\u00a0\u00bb.vc_custom_1615858363337{margin-top: -70px !important;border-top-width: -70px !important;padding-top: -70px !important;}\u00a0\u00bb]<\/p>\n<p style=\"font-size: 20px; color: black; text-align: left;\"><strong>Diesel S7509<\/strong><\/p>\n<p>[\/vc_column_text][vc_separator color=\u00a0\u00bbcustom\u00a0\u00bb accent_color=\u00a0\u00bb#00a8a9&Prime;][vc_column_text]<span style=\"color: #000000;\">kW\/HP<\/span><span style=\"color: #000000; padding-left: 30px;\">| 228.4 \/ 306.2\uff0a1<\/span><br \/>\n<span style=\"color: #000000;\">rpm<\/span><span style=\"color: #000000; padding-left: 46px;\">| 1900<\/span><br \/>\n<span style=\"color: #000000;\">Emission<\/span><span style=\"color: #000000; padding-left: 16px;\">| EPA\/CARB Tier4 + EU Stage V<\/span>[\/vc_column_text][vc_separator color=\u00a0\u00bbcustom\u00a0\u00bb accent_color=\u00a0\u00bb#00a8a9&Prime;][\/vc_column][vc_column width=\u00a0\u00bb1\/3&Prime;][vc_column_text css=\u00a0\u00bb.vc_custom_1616422408116{margin-bottom: 0px !important;border-bottom-width: 0px !important;padding-bottom: 0px !important;}\u00a0\u00bb]<\/p>\n<hr \/>\n<p style=\"font-size: 20px; color: black; text-align: center;\"><strong>INFORMATIONS PRODUITS<\/strong><\/p>\n<hr \/>\n<p>[\/vc_column_text][vc_empty_space height=\u00a0\u00bb35px\u00a0\u00bb css=\u00a0\u00bb.vc_custom_1615861816950{margin-bottom: -50px !important;border-bottom-width: -50px !important;padding-bottom: -50px !important;}\u00a0\u00bb][vc_single_image image=\u00a0\u00bb823&Prime; img_size=\u00a0\u00bbfull\u00a0\u00bb css=\u00a0\u00bb.vc_custom_1615858708458{margin-bottom: -70px !important;border-bottom-width: -70px !important;padding-bottom: -70px !important;}\u00a0\u00bb][vc_column_text css=\u00a0\u00bb.vc_custom_1615860390659{margin-top: -70px !important;border-top-width: -70px !important;padding-top: -70px !important;}\u00a0\u00bb]<\/p>\n<p style=\"font-size: 20px; color: black; text-align: left;\"><strong>Diesel V5009<br \/>\n<\/strong><\/p>\n<p>[\/vc_column_text][vc_separator color=\u00a0\u00bbcustom\u00a0\u00bb accent_color=\u00a0\u00bb#00a8a9&Prime;][vc_column_text]<span style=\"color: #000000;\">kW\/HP<\/span><span style=\"color: #000000; padding-left: 30px;\">| 157.3 \/ 210.9\uff0a1<\/span><br \/>\n<span style=\"color: #000000;\">rpm<\/span><span style=\"color: #000000; padding-left: 46px;\">| 2200<\/span><br \/>\n<span style=\"color: #000000;\">Emission<\/span><span style=\"color: #000000; padding-left: 16px;\">| EPA\/CARB Tier4 + EU Stage V<\/span>[\/vc_column_text][vc_separator color=\u00a0\u00bbcustom\u00a0\u00bb accent_color=\u00a0\u00bb#00a8a9&Prime;][vc_column_text]<span style=\"color: #000000;\">kW\/HP<\/span><span style=\"color: #000000; padding-left: 30px;\">| 129.4 \/ 173.5\uff0a2<br \/>\n<span style=\"color: #000000;\">rpm<\/span><span style=\"color: #000000; padding-left: 46px;\">| 2200<\/span><br \/>\n<span style=\"color: #000000;\">Emission<\/span><span style=\"color: #000000; padding-left: 16px;\">| China Non-Road \u2163<br \/>\n<span style=\"color: #000000; padding-left: 82px;\">( below 130kW Category )<br \/>\n<\/span><\/span>[\/vc_column_text][vc_separator color=\u00a0\u00bbcustom\u00a0\u00bb accent_color=\u00a0\u00bb#00a8a9&Prime;][\/vc_column][vc_column width=\u00a0\u00bb1\/3&Prime;][vc_empty_space height=\u00a0\u00bb100px\u00a0\u00bb css=\u00a0\u00bb.vc_custom_1615858651799{margin-bottom: -50px !important;border-bottom-width: -50px !important;padding-bottom: -50px !important;}\u00a0\u00bb][vc_single_image image=\u00a0\u00bb823&Prime; img_size=\u00a0\u00bbfull\u00a0\u00bb css=\u00a0\u00bb.vc_custom_1615858708458{margin-bottom: -70px !important;border-bottom-width: -70px !important;padding-bottom: -70px !important;}\u00a0\u00bb][vc_column_text css=\u00a0\u00bb.vc_custom_1615860681382{margin-top: -70px !important;border-top-width: -70px !important;padding-top: -70px !important;}\u00a0\u00bb]<\/span><\/p>\n<p style=\"font-size: 20px; color: black; text-align: left;\"><strong>Diesel V4309<br \/>\n<\/strong><\/p>\n<p>[\/vc_column_text][vc_separator color=\u00a0\u00bbcustom\u00a0\u00bb accent_color=\u00a0\u00bb#00a8a9&Prime;][vc_column_text]<span style=\"color: #000000;\">kW\/HP<\/span><span style=\"color: #000000; padding-left: 30px;\">| 115.7 \/ 155.2\uff0a1<\/span><br \/>\n<span style=\"color: #000000;\">rpm<\/span><span style=\"color: #000000; padding-left: 46px;\">| 2200<\/span><br \/>\n<span style=\"color: #000000;\">Emission<\/span><span style=\"color: #000000; padding-left: 16px;\">| EPA\/CARB Tier4 + EU Stage V +<br \/>\n<span style=\"color: #000000; padding-left: 82px;\">China Non-Road \u2163<\/span><\/span>[\/vc_column_text][vc_separator color=\u00a0\u00bbcustom\u00a0\u00bb accent_color=\u00a0\u00bb#00a8a9&Prime; css=\u00a0\u00bb.vc_custom_1615860649231{margin-top: -21px !important;border-top-width: -10px !important;padding-top: -10px !important;}\u00a0\u00bb][\/vc_column][\/vc_row]<\/p>\n<\/section>","protected":false},"excerpt":{"rendered":"<p>[vc_row css=\u00a0\u00bb.vc_custom_1615864290874{margin-top: -100px !important;margin-left: 8% !important;border-top-width: -100px !important;padding-top: -100px !important;}\u00a0\u00bb][vc_column width=\u00a0\u00bb1\/6&Prime; css=\u00a0\u00bb.vc_custom_1615863716785{margin-bottom: -30px !important;border-bottom-width: -30px !important;padding-bottom: -30px !important;}\u00a0\u00bb][vc_column_text] Haute puissance Densit\u00e9 de puissance Le moteur compact \u00e0 4 cylindres offre une puissance \u00e9lev\u00e9e de 157,3 kW. [\/vc_column_text][\/vc_column][vc_column width=\u00a0\u00bb1\/6&Prime;][vc_column_text] Facile Maintenance Entretien sur un seul c\u00f4t\u00e9 et le tendeur de courroie automatique vous permettent un entretien[&#8230;]<\/p>\n","protected":false},"author":1,"featured_media":0,"parent":0,"menu_order":0,"comment_status":"closed","ping_status":"closed","template":"","meta":{"footnotes":"","_expiration-date-status":"saved","_expiration-date":0,"_expiration-date-type":"","_expiration-date-categories":[],"_expiration-date-options":[]},"class_list":["post-758","page","type-page","status-publish","hentry"],"acf":[],"_links":{"self":[{"href":"https:\/\/ke.kubota-eu.com\/engines\/fr\/wp-json\/wp\/v2\/pages\/758","targetHints":{"allow":["GET"]}}],"collection":[{"href":"https:\/\/ke.kubota-eu.com\/engines\/fr\/wp-json\/wp\/v2\/pages"}],"about":[{"href":"https:\/\/ke.kubota-eu.com\/engines\/fr\/wp-json\/wp\/v2\/types\/page"}],"author":[{"embeddable":true,"href":"https:\/\/ke.kubota-eu.com\/engines\/fr\/wp-json\/wp\/v2\/users\/1"}],"replies":[{"embeddable":true,"href":"https:\/\/ke.kubota-eu.com\/engines\/fr\/wp-json\/wp\/v2\/comments?post=758"}],"version-history":[{"count":173,"href":"https:\/\/ke.kubota-eu.com\/engines\/fr\/wp-json\/wp\/v2\/pages\/758\/revisions"}],"predecessor-version":[{"id":768,"href":"https:\/\/ke.kubota-eu.com\/engines\/fr\/wp-json\/wp\/v2\/pages\/758\/revisions\/768"}],"wp:attachment":[{"href":"https:\/\/ke.kubota-eu.com\/engines\/fr\/wp-json\/wp\/v2\/media?parent=758"}],"curies":[{"name":"wp","href":"https:\/\/api.w.org\/{rel}","templated":true}]}}