{"id":64949,"date":"2023-11-13T11:30:40","date_gmt":"2023-11-13T11:30:40","guid":{"rendered":"https:\/\/ke.kubota-eu.com\/kubota-connect-simply-monitored\/"},"modified":"2024-04-05T07:18:36","modified_gmt":"2024-04-05T07:18:36","slug":"kubota-connect-simply-monitored","status":"publish","type":"page","link":"https:\/\/ke.kubota-eu.com\/de\/kubota-connect-simply-monitored\/","title":{"rendered":"Kubota Connect &#8211; einfach \u00fcberwacht"},"content":{"rendered":"<section class=\"wpb-content-wrapper\"><p>[vc_row css=&#8220;.vc_custom_1699876629595{margin-right: 8% !important;margin-left: 8% !important;}&#8220;][vc_column][vc_column_text]<\/p>\n<div style=\"font-size: 24px;\"><span style=\"color: #000000;\">Kubota Connect<\/span><\/div>\n<p>&nbsp;<\/p>\n<div style=\"font-size: 18px;\"><span style=\"color: #000000;\"><strong>Behalten Sie Ihren Traktor im Auge &#8211; aus der Ferne<\/strong><\/span><\/div>\n<div style=\"font-size: 18px;\"><span style=\"color: #000000;\">Die Kubota Connect-L\u00f6sung hilft Ihnen, Ihre Produktivit\u00e4t zu erhalten und einen wichtigen Verm\u00f6genswert Ihres Betriebs zu sch\u00fctzen: Ihren Traktor. Die \u00dcberwachung Ihrer Traktoren aus der Ferne sorgt f\u00fcr Effizienz und Sicherheit.<\/span><\/div>\n<div style=\"font-size: 18px;\">\n<p><span style=\"color: #000000;\">Mit Kubota Connect k\u00f6nnen Sie Ihre Traktoren aus der Ferne \u00fcberwachen, Service- und Wartungsarbeiten einfacher planen, Ihre Maschinen vor Diebstahl sch\u00fctzen und von noch mehr n\u00fctzlichen Funktionen dieser modernen L\u00f6sung profitieren.<\/span><\/p>\n<div style=\"font-size: 18px;\">\n<p><span style=\"color: #000000;\">Sie wollen die volle Kontrolle \u00fcber Ihren Traktor, auch aus der Ferne? Dann ist Kubota Connect die L\u00f6sung der Wahl f\u00fcr Sie!<\/span><\/p>\n<div style=\"font-size: 18px;\">\n<p><span style=\"color: #000000;\"><strong>Das bietet Ihnen Kubota Connect:<\/strong><\/span><\/p>\n<ul>\n<li><span style=\"color: #000000;\">Zentraler Zugriff mit einem Login<\/span><\/li>\n<li><span style=\"color: #000000;\">Traktor\u00fcberwachung auch von Ihrem Smartphone aus<\/span><\/li>\n<li><span style=\"color: #000000;\">Erinnerungsfunktion f\u00fcr Wartungsarbeiten<\/span><\/li>\n<li><span style=\"color: #000000;\">Schnellere Reaktion im Falle eines Diebstahls<\/span><\/li>\n<\/ul>\n<div style=\"font-size: 18px;\"><span style=\"color: #000000;\"><strong>Zentraler Zugriff<\/strong><\/span><\/div>\n<div style=\"font-size: 18px;\"><span style=\"color: #000000;\">Die Telematikl\u00f6sung Kubota Connect erm\u00f6glicht die zuverl\u00e4ssige Fern\u00fcberwachung eines oder mehrerer Traktoren &#8211; auch mobil.<\/span><\/div>\n<\/div>\n<\/div>\n<\/div>\n<p>[\/vc_column_text][vc_video link=&#8220;https:\/\/youtu.be\/f0yBey4is-0&#8243; align=&#8220;center&#8220;][\/vc_column][\/vc_row]<\/p>\n<\/section>","protected":false},"excerpt":{"rendered":"<p>[vc_row css=&#8220;.vc_custom_1699876629595{margin-right: 8% !important;margin-left: 8% !important;}&#8220;][vc_column][vc_column_text] Kubota Connect &nbsp; Behalten Sie Ihren Traktor im Auge &#8211; aus der Ferne Die Kubota Connect-L\u00f6sung hilft Ihnen, Ihre Produktivit\u00e4t zu erhalten und einen wichtigen Verm\u00f6genswert Ihres Betriebs zu sch\u00fctzen: Ihren Traktor. Die \u00dcberwachung Ihrer Traktoren aus der Ferne sorgt f\u00fcr Effizienz und Sicherheit. Mit Kubota Connect k\u00f6nnen Sie[&#8230;]<\/p>\n","protected":false},"author":1,"featured_media":0,"parent":0,"menu_order":0,"comment_status":"closed","ping_status":"closed","template":"","meta":{"footnotes":"","_expiration-date-status":"","_expiration-date":0,"_expiration-date-type":"","_expiration-date-categories":[],"_expiration-date-options":[]},"class_list":["post-64949","page","type-page","status-publish","hentry"],"acf":[],"_links":{"self":[{"href":"https:\/\/ke.kubota-eu.com\/de\/wp-json\/wp\/v2\/pages\/64949","targetHints":{"allow":["GET"]}}],"collection":[{"href":"https:\/\/ke.kubota-eu.com\/de\/wp-json\/wp\/v2\/pages"}],"about":[{"href":"https:\/\/ke.kubota-eu.com\/de\/wp-json\/wp\/v2\/types\/page"}],"author":[{"embeddable":true,"href":"https:\/\/ke.kubota-eu.com\/de\/wp-json\/wp\/v2\/users\/1"}],"replies":[{"embeddable":true,"href":"https:\/\/ke.kubota-eu.com\/de\/wp-json\/wp\/v2\/comments?post=64949"}],"version-history":[{"count":5,"href":"https:\/\/ke.kubota-eu.com\/de\/wp-json\/wp\/v2\/pages\/64949\/revisions"}],"predecessor-version":[{"id":64950,"href":"https:\/\/ke.kubota-eu.com\/de\/wp-json\/wp\/v2\/pages\/64949\/revisions\/64950"}],"wp:attachment":[{"href":"https:\/\/ke.kubota-eu.com\/de\/wp-json\/wp\/v2\/media?parent=64949"}],"curies":[{"name":"wp","href":"https:\/\/api.w.org\/{rel}","templated":true}]}}