{"id":55672,"date":"2020-12-14T13:51:39","date_gmt":"2020-12-14T13:51:39","guid":{"rendered":"https:\/\/ke.kubota-eu.com\/?page_id=55672"},"modified":"2020-12-17T10:03:31","modified_gmt":"2020-12-17T10:03:31","slug":"kubota-einfache-pflug-einstellungen","status":"publish","type":"page","link":"https:\/\/ke.kubota-eu.com\/de\/kubota-einfache-pflug-einstellungen\/","title":{"rendered":"Kubota Einfache Pflug Einstellungen"},"content":{"rendered":"<section class=\"wpb-content-wrapper\"><p>[vc_row css=&#8220;.vc_custom_1607965318880{margin-right: 8% !important;margin-left: 8% !important;}&#8220;][vc_column][vc_column_text]<\/p>\n<p style=\"text-align: justify;\">Um die besten Pflugergebnisse zu erzielen, ist es wichtig, sowohl den Traktor als auch den Pflug richtig vorzubereiten. F\u00fcr eine effiziente Arbeit ist es erforderlich, dass zuerst die richtigen Einstellungen am Traktor vorgenommen werden. Einige Einstellungen am Pflug k\u00f6nnen vor dem Pfl\u00fcgen vorgenommen werden. Weitere Einstellungen m\u00fcssen auf dem Feld vorgenommen werden. Dieses Video erkl\u00e4rt die verschiedenen Schritte, die f\u00fcr ein optimales Pflugergebnis zu befolgen sind. Viel Erfolg!<\/p>\n<p>[\/vc_column_text][vc_video link=&#8220;https:\/\/youtu.be\/Uks9zQilgsQ&#8220; el_width=&#8220;90&#8243; align=&#8220;center&#8220;][\/vc_column][\/vc_row][vc_row css=&#8220;.vc_custom_1607965279573{margin-right: 8% !important;margin-left: 8% !important;}&#8220;][vc_column width=&#8220;1\/3&#8243;][vc_column_text css=&#8220;.vc_custom_1607961689101{margin-top: 0px !important;margin-bottom: 0px !important;border-top-width: 0px !important;border-bottom-width: 0px !important;padding-top: 0px !important;padding-bottom: 0px !important;}&#8220;]<\/p>\n<p style=\"text-align: center;\"><strong><img decoding=\"async\" class=\"alignnone wp-image-55636\" src=\"https:\/\/ke.kubota-eu.com\/wp-content\/uploads\/2020\/12\/rm2.jpg\" alt=\"\" width=\"347\" height=\"204\" srcset=\"https:\/\/ke.kubota-eu.com\/wp-content\/uploads\/2020\/12\/rm2.jpg 800w, https:\/\/ke.kubota-eu.com\/wp-content\/uploads\/2020\/12\/rm2-300x176.jpg 300w, https:\/\/ke.kubota-eu.com\/wp-content\/uploads\/2020\/12\/rm2-768x451.jpg 768w, https:\/\/ke.kubota-eu.com\/wp-content\/uploads\/2020\/12\/rm2-218x128.jpg 218w, https:\/\/ke.kubota-eu.com\/wp-content\/uploads\/2020\/12\/rm2-600x353.jpg 600w, https:\/\/ke.kubota-eu.com\/wp-content\/uploads\/2020\/12\/rm2-284x167.jpg 284w, https:\/\/ke.kubota-eu.com\/wp-content\/uploads\/2020\/12\/rm2-100x59.jpg 100w\" sizes=\"(max-width: 347px) 100vw, 347px\" \/><br \/>\nRM2000: Die perfekte Wahl f\u00fcr leichte bis mittlere steinfreie Bodenverh\u00e4ltnisse.<br \/>\n<\/strong><\/p>\n<p>[\/vc_column_text][vc_btn title=&#8220;Erfahren Sie mehr&#8220; shape=&#8220;square&#8220; color=&#8220;default&#8220; css=&#8220;.vc_custom_1607964872911{margin-top: 0px !important;margin-bottom: 0px !important;border-top-width: 0px !important;border-bottom-width: 0px !important;padding-top: 0px !important;padding-bottom: 0px !important;}&#8220; link=&#8220;url:https%3A%2F%2Fke.kubota-eu.com%2Fagriculture%2Fde%2Fanbaugerate%2Frm2000%2F|||&#8220;][\/vc_column][vc_column width=&#8220;1\/3&#8243;][vc_column_text css=&#8220;.vc_custom_1607961727282{margin-top: 0px !important;margin-bottom: 0px !important;border-top-width: 0px !important;border-bottom-width: 0px !important;padding-top: 0px !important;padding-bottom: 0px !important;}&#8220;]<\/p>\n<p style=\"text-align: center;\"><strong><img decoding=\"async\" class=\"alignnone wp-image-55627\" src=\"https:\/\/ke.kubota-eu.com\/wp-content\/uploads\/2020\/12\/rm1.jpg\" alt=\"\" width=\"347\" height=\"205\" srcset=\"https:\/\/ke.kubota-eu.com\/wp-content\/uploads\/2020\/12\/rm1.jpg 800w, https:\/\/ke.kubota-eu.com\/wp-content\/uploads\/2020\/12\/rm1-300x176.jpg 300w, https:\/\/ke.kubota-eu.com\/wp-content\/uploads\/2020\/12\/rm1-768x451.jpg 768w, https:\/\/ke.kubota-eu.com\/wp-content\/uploads\/2020\/12\/rm1-218x128.jpg 218w, https:\/\/ke.kubota-eu.com\/wp-content\/uploads\/2020\/12\/rm1-600x353.jpg 600w, https:\/\/ke.kubota-eu.com\/wp-content\/uploads\/2020\/12\/rm1-284x167.jpg 284w, https:\/\/ke.kubota-eu.com\/wp-content\/uploads\/2020\/12\/rm1-100x59.jpg 100w\" sizes=\"(max-width: 347px) 100vw, 347px\" \/><br \/>\nRM2000V:\u00a0<b>Die perfekte Wahl f\u00fcr Traktoren bis 150 PS<\/b>.<br \/>\n<\/strong><\/p>\n<p>[\/vc_column_text][vc_btn title=&#8220;Erfahren Sie mehr&#8220; shape=&#8220;square&#8220; color=&#8220;default&#8220; link=&#8220;url:https%3A%2F%2Fke.kubota-eu.com%2Fagriculture%2Fde%2Fanbaugerate%2Frm2000v%2F|||&#8220;][\/vc_column][vc_column width=&#8220;1\/3&#8243;][vc_column_text css=&#8220;.vc_custom_1607965381864{margin-top: 0px !important;margin-bottom: 0px !important;border-top-width: 0px !important;border-bottom-width: 0px !important;padding-top: 0px !important;padding-bottom: 0px !important;}&#8220;]<\/p>\n<p style=\"text-align: center;\"><strong><img decoding=\"async\" class=\"alignnone wp-image-55641\" src=\"https:\/\/ke.kubota-eu.com\/wp-content\/uploads\/2020\/12\/rm3-600x353.png\" alt=\"\" width=\"347\" height=\"204\" \/><br \/>\nRM2005:\u00a0<b>Die ideale Wahl f\u00fcr steinige B\u00f6den.<\/b><br \/>\n<\/strong><\/p>\n<p>[\/vc_column_text][vc_btn title=&#8220;Erfahren Sie mehr&#8220; shape=&#8220;square&#8220; color=&#8220;default&#8220; link=&#8220;url:https%3A%2F%2Fke.kubota-eu.com%2Fagriculture%2Fde%2Fanbaugerate%2Frm2005%2F|||&#8220;][\/vc_column][\/vc_row][vc_row css=&#8220;.vc_custom_1607965284134{margin-right: 8% !important;margin-left: 8% !important;}&#8220;][vc_column width=&#8220;1\/3&#8243;][vc_column_text css=&#8220;.vc_custom_1607961857288{margin-top: 0px !important;margin-bottom: 0px !important;border-top-width: 0px !important;border-bottom-width: 0px !important;padding-top: 0px !important;padding-bottom: 0px !important;}&#8220;]<\/p>\n<p style=\"text-align: center;\"><strong><img decoding=\"async\" class=\"alignnone wp-image-55647\" src=\"https:\/\/ke.kubota-eu.com\/wp-content\/uploads\/2020\/12\/rm4.jpg\" alt=\"\" width=\"347\" height=\"204\" srcset=\"https:\/\/ke.kubota-eu.com\/wp-content\/uploads\/2020\/12\/rm4.jpg 800w, https:\/\/ke.kubota-eu.com\/wp-content\/uploads\/2020\/12\/rm4-300x176.jpg 300w, https:\/\/ke.kubota-eu.com\/wp-content\/uploads\/2020\/12\/rm4-768x451.jpg 768w, https:\/\/ke.kubota-eu.com\/wp-content\/uploads\/2020\/12\/rm4-218x128.jpg 218w, https:\/\/ke.kubota-eu.com\/wp-content\/uploads\/2020\/12\/rm4-600x353.jpg 600w, https:\/\/ke.kubota-eu.com\/wp-content\/uploads\/2020\/12\/rm4-284x167.jpg 284w, https:\/\/ke.kubota-eu.com\/wp-content\/uploads\/2020\/12\/rm4-100x59.jpg 100w\" sizes=\"(max-width: 347px) 100vw, 347px\" \/><br \/>\nRM2005V:\u00a0<b>Die perfekte Wahl f\u00fcr Traktoren bis 150 PS<\/b>.<\/strong><\/p>\n<p>[\/vc_column_text][vc_btn title=&#8220;Erfahren Sie mehr&#8220; shape=&#8220;square&#8220; color=&#8220;default&#8220; align=&#8220;left&#8220; link=&#8220;url:https%3A%2F%2Fke.kubota-eu.com%2Fagriculture%2Fde%2Fanbaugerate%2Frm2005v%2F|||&#8220;][\/vc_column][vc_column width=&#8220;1\/3&#8243;][vc_column_text css=&#8220;.vc_custom_1607961904388{margin-top: 0px !important;margin-bottom: 0px !important;border-top-width: 0px !important;border-bottom-width: 0px !important;padding-top: 0px !important;padding-bottom: 0px !important;}&#8220;]<\/p>\n<p style=\"text-align: center;\"><strong><img decoding=\"async\" class=\"alignnone wp-image-55652\" src=\"https:\/\/ke.kubota-eu.com\/wp-content\/uploads\/2020\/12\/rm5.jpg\" alt=\"\" width=\"347\" height=\"204\" srcset=\"https:\/\/ke.kubota-eu.com\/wp-content\/uploads\/2020\/12\/rm5.jpg 800w, https:\/\/ke.kubota-eu.com\/wp-content\/uploads\/2020\/12\/rm5-300x176.jpg 300w, https:\/\/ke.kubota-eu.com\/wp-content\/uploads\/2020\/12\/rm5-768x451.jpg 768w, https:\/\/ke.kubota-eu.com\/wp-content\/uploads\/2020\/12\/rm5-218x128.jpg 218w, https:\/\/ke.kubota-eu.com\/wp-content\/uploads\/2020\/12\/rm5-600x353.jpg 600w, https:\/\/ke.kubota-eu.com\/wp-content\/uploads\/2020\/12\/rm5-284x167.jpg 284w, https:\/\/ke.kubota-eu.com\/wp-content\/uploads\/2020\/12\/rm5-100x59.jpg 100w\" sizes=\"(max-width: 347px) 100vw, 347px\" \/><br \/>\n<\/strong><b>RM3000V: Konstruiert f\u00fcr h\u00e4rtere Anforderungen und steinfreie B\u00f6den.<\/b><\/p>\n<p>[\/vc_column_text][vc_btn title=&#8220;Erfahren Sie mehr&#8220; shape=&#8220;square&#8220; color=&#8220;default&#8220; align=&#8220;left&#8220; link=&#8220;url:https%3A%2F%2Fke.kubota-eu.com%2Fagriculture%2Fde%2Fanbaugerate%2Frm3000v%2F|||&#8220;][\/vc_column][vc_column width=&#8220;1\/3&#8243;][vc_column_text css=&#8220;.vc_custom_1607961940208{margin-top: 0px !important;margin-bottom: 0px !important;border-top-width: 0px !important;border-bottom-width: 0px !important;padding-top: 0px !important;padding-bottom: 0px !important;}&#8220;]<\/p>\n<p style=\"text-align: center;\"><strong><img decoding=\"async\" class=\"alignnone wp-image-55657\" src=\"https:\/\/ke.kubota-eu.com\/wp-content\/uploads\/2020\/12\/rm6.jpg\" alt=\"\" width=\"347\" height=\"204\" srcset=\"https:\/\/ke.kubota-eu.com\/wp-content\/uploads\/2020\/12\/rm6.jpg 800w, https:\/\/ke.kubota-eu.com\/wp-content\/uploads\/2020\/12\/rm6-300x176.jpg 300w, https:\/\/ke.kubota-eu.com\/wp-content\/uploads\/2020\/12\/rm6-768x451.jpg 768w, https:\/\/ke.kubota-eu.com\/wp-content\/uploads\/2020\/12\/rm6-218x128.jpg 218w, https:\/\/ke.kubota-eu.com\/wp-content\/uploads\/2020\/12\/rm6-600x353.jpg 600w, https:\/\/ke.kubota-eu.com\/wp-content\/uploads\/2020\/12\/rm6-284x167.jpg 284w, https:\/\/ke.kubota-eu.com\/wp-content\/uploads\/2020\/12\/rm6-100x59.jpg 100w\" sizes=\"(max-width: 347px) 100vw, 347px\" \/><br \/>\n<\/strong><b>RM3005V: Konstruiert f\u00fcr h\u00e4rtere Anforderungen und steinfreie B\u00f6den.<\/b><\/p>\n<p>[\/vc_column_text][vc_btn title=&#8220;Erfahren Sie mehr&#8220; shape=&#8220;square&#8220; color=&#8220;default&#8220; align=&#8220;left&#8220; link=&#8220;url:https%3A%2F%2Fke.kubota-eu.com%2Fagriculture%2Fde%2Fanbaugerate%2Frm3005v%2F|||&#8220;][\/vc_column][\/vc_row]<\/p>\n<\/section>","protected":false},"excerpt":{"rendered":"<p>[vc_row css=&#8220;.vc_custom_1607965318880{margin-right: 8% !important;margin-left: 8% !important;}&#8220;][vc_column][vc_column_text] Um die besten Pflugergebnisse zu erzielen, ist es wichtig, sowohl den Traktor als auch den Pflug richtig vorzubereiten. F\u00fcr eine effiziente Arbeit ist es erforderlich, dass zuerst die richtigen Einstellungen am Traktor vorgenommen werden. Einige Einstellungen am Pflug k\u00f6nnen vor dem Pfl\u00fcgen vorgenommen werden. Weitere Einstellungen m\u00fcssen auf dem[&#8230;]<\/p>\n","protected":false},"author":1,"featured_media":0,"parent":0,"menu_order":0,"comment_status":"closed","ping_status":"closed","template":"","meta":{"footnotes":"","_expiration-date-status":"saved","_expiration-date":0,"_expiration-date-type":"","_expiration-date-categories":[],"_expiration-date-options":[]},"class_list":["post-55672","page","type-page","status-publish","hentry"],"acf":[],"_links":{"self":[{"href":"https:\/\/ke.kubota-eu.com\/de\/wp-json\/wp\/v2\/pages\/55672","targetHints":{"allow":["GET"]}}],"collection":[{"href":"https:\/\/ke.kubota-eu.com\/de\/wp-json\/wp\/v2\/pages"}],"about":[{"href":"https:\/\/ke.kubota-eu.com\/de\/wp-json\/wp\/v2\/types\/page"}],"author":[{"embeddable":true,"href":"https:\/\/ke.kubota-eu.com\/de\/wp-json\/wp\/v2\/users\/1"}],"replies":[{"embeddable":true,"href":"https:\/\/ke.kubota-eu.com\/de\/wp-json\/wp\/v2\/comments?post=55672"}],"version-history":[{"count":15,"href":"https:\/\/ke.kubota-eu.com\/de\/wp-json\/wp\/v2\/pages\/55672\/revisions"}],"predecessor-version":[{"id":55790,"href":"https:\/\/ke.kubota-eu.com\/de\/wp-json\/wp\/v2\/pages\/55672\/revisions\/55790"}],"wp:attachment":[{"href":"https:\/\/ke.kubota-eu.com\/de\/wp-json\/wp\/v2\/media?parent=55672"}],"curies":[{"name":"wp","href":"https:\/\/api.w.org\/{rel}","templated":true}]}}