{"id":32,"date":"2015-01-29T14:10:19","date_gmt":"2015-01-29T14:10:19","guid":{"rendered":"https:\/\/ke.kubota-eu.com\/sitemap-2\/"},"modified":"2017-01-20T13:28:49","modified_gmt":"2017-01-20T13:28:49","slug":"sitemap","status":"publish","type":"page","link":"https:\/\/ke.kubota-eu.com\/de\/sitemap\/","title":{"rendered":"Sitemap"},"content":{"rendered":"<ul class=\"sitemap-pages-list\"><li><a href=\"https:\/\/ke.kubota-eu.com\/agriculture\/de\/\">Agrartechnik<\/a><\/li><li><a href=\"https:\/\/ke.kubota-eu.com\/engines\/de\/\">Industriemotoren<\/a><\/li><li><a href=\"https:\/\/ke.kubota-eu.com\/constructionmachinery\/de\/\">Baumaschinen<\/a><\/li><li><a href=\"https:\/\/ke.kubota-eu.com\/groundcare\/de\/\">Rasen- und Grundst\u00fcckspflege<\/a><\/li><\/br><li><a href=\"https:\/\/ke.kubota-eu.com\/de\/f-gas-menge-in-kg-in-der-klimaanlage\/\">F-Gas-Menge (in kg) in der Klimaanlage<\/a><\/li>\n<li><a href=\"https:\/\/ke.kubota-eu.com\/de\/fluorinated-greenhouse-gases\/\">Fluorinated greenhouse gases<\/a><\/li>\n<li><a href=\"https:\/\/ke.kubota-eu.com\/de\/gebrauchtmaschinen\/\">Gebrauchtmaschinen<\/a><\/li>\n<li><a href=\"https:\/\/ke.kubota-eu.com\/de\/historienaktualisierung\/\">Historienaktualisierung<\/a><\/li>\n<li><a href=\"https:\/\/ke.kubota-eu.com\/de\/impressum\/\">Impressum<\/a><\/li>\n<li><a href=\"https:\/\/ke.kubota-eu.com\/de\/multilink-intranet\/\">Intranet multi-links<\/a><\/li>\n<li><a href=\"https:\/\/ke.kubota-eu.com\/de\/kontakt-zu-unseren-teams\/\">Kontakt zu unseren Teams<\/a><\/li>\n<li><a href=\"https:\/\/ke.kubota-eu.com\/de\/kubota-connect-simply-monitored\/\">Kubota Connect &#8211; einfach \u00fcberwacht<\/a><\/li>\n<li><a href=\"https:\/\/ke.kubota-eu.com\/de\/kubota-einfache-pflug-einstellungen\/\">Kubota Einfache Pflug Einstellungen<\/a><\/li>\n<li><a href=\"https:\/\/ke.kubota-eu.com\/de\/\">Kubota Machinery In Europe<\/a><\/li>\n<li><a href=\"https:\/\/ke.kubota-eu.com\/de\/kubota-brand\/\">Das Unternehmen Kubota<\/a><\/li>\n<li><a href=\"https:\/\/ke.kubota-eu.com\/de\/service-support\/\">Service und Ersatzteile<\/a>\n<ul class='children'>\n\t<li><a href=\"https:\/\/ke.kubota-eu.com\/de\/service-support\/ersatzteile\/\">Ersatzteile<\/a><\/li>\n\t<li><a href=\"https:\/\/ke.kubota-eu.com\/de\/service-support\/haendler-finden\/\">H\u00e4ndler finden<\/a><\/li>\n\t<li><a href=\"https:\/\/ke.kubota-eu.com\/de\/service-support\/haendlersuche\/\">H\u00e4ndlersuche<\/a><\/li>\n\t<li><a href=\"https:\/\/ke.kubota-eu.com\/de\/service-support\/sale-services\/\">After sale services<\/a><\/li>\n<\/ul>\n<\/li>\n<li><a href=\"https:\/\/ke.kubota-eu.com\/de\/kontaktieren-sie-uns\/\">Kontaktieren Sie uns<\/a><\/li>\n<li><a href=\"https:\/\/ke.kubota-eu.com\/de\/datenschutzerklaerung\/\">UNSER ANSATZ F\u00dcR DEN DATENSCHUTZ<\/a><\/li>\n<\/ul>\n","protected":false},"excerpt":{"rendered":"AgrartechnikIndustriemotorenBaumaschinenRasen- und Grundst\u00fcckspflegeF-Gas-Menge (in kg) in der Klimaanlage Fluorinated greenhouse gases Gebrauchtmaschinen Historienaktualisierung Impressum Intranet multi-links Kontakt zu unseren Teams Kubota Connect &#8211; einfach \u00fcberwacht Kubota Einfache Pflug Einstellungen Kubota Machinery In Europe Das Unternehmen Kubota Service und Ersatzteile Ersatzteile H\u00e4ndler finden H\u00e4ndlersuche After sale services Kontaktieren Sie uns UNSER ANSATZ F\u00dcR DEN DATENSCHUTZ","protected":false},"author":1,"featured_media":164,"parent":0,"menu_order":130,"comment_status":"open","ping_status":"closed","template":"","meta":{"footnotes":"","_expiration-date-status":"saved","_expiration-date":0,"_expiration-date-type":"","_expiration-date-categories":[],"_expiration-date-options":[]},"class_list":["post-32","page","type-page","status-publish","has-post-thumbnail","hentry"],"acf":[],"_links":{"self":[{"href":"https:\/\/ke.kubota-eu.com\/de\/wp-json\/wp\/v2\/pages\/32","targetHints":{"allow":["GET"]}}],"collection":[{"href":"https:\/\/ke.kubota-eu.com\/de\/wp-json\/wp\/v2\/pages"}],"about":[{"href":"https:\/\/ke.kubota-eu.com\/de\/wp-json\/wp\/v2\/types\/page"}],"author":[{"embeddable":true,"href":"https:\/\/ke.kubota-eu.com\/de\/wp-json\/wp\/v2\/users\/1"}],"replies":[{"embeddable":true,"href":"https:\/\/ke.kubota-eu.com\/de\/wp-json\/wp\/v2\/comments?post=32"}],"version-history":[{"count":2,"href":"https:\/\/ke.kubota-eu.com\/de\/wp-json\/wp\/v2\/pages\/32\/revisions"}],"predecessor-version":[{"id":224,"href":"https:\/\/ke.kubota-eu.com\/de\/wp-json\/wp\/v2\/pages\/32\/revisions\/224"}],"wp:featuredmedia":[{"embeddable":true,"href":"https:\/\/ke.kubota-eu.com\/de\/wp-json\/wp\/v2\/media\/164"}],"wp:attachment":[{"href":"https:\/\/ke.kubota-eu.com\/de\/wp-json\/wp\/v2\/media?parent=32"}],"curies":[{"name":"wp","href":"https:\/\/api.w.org\/{rel}","templated":true}]}}