{"id":5826,"date":"2019-01-18T19:03:43","date_gmt":"2019-01-18T19:03:43","guid":{"rendered":"https:\/\/ke.kubota-eu.com\/constructionmachinery\/?page_id=5826"},"modified":"2024-04-17T15:26:42","modified_gmt":"2024-04-17T15:26:42","slug":"kubota-academie-4","status":"publish","type":"page","link":"https:\/\/ke.kubota-eu.com\/constructionmachinery\/fr\/kubota-academie-4\/","title":{"rendered":"Kubota Academie"},"content":{"rendered":"<p>Pour r\u00e9pondre au d\u00e9veloppement croissant de ses activit\u00e9s ainsi qu\u2019a ses besoins en recrutement dans le Service Apr\u00e8s Vente, Kubota Europe a nou\u00e9 le premier partenariat de l\u2019histoire des constructeurs d\u2019engins de construction avec un \u00e9tablissement scolaire en septembre 2019.<\/p>\n<p>La Kubota Acad\u00e9mie, inaugur\u00e9e le jeudi 4 octobre 2019, propose un BTS et un CQP de Maintenance des Mat\u00e9riels de Construction et de Manutention \u00e0 l\u2019Institut Nicolas Barr\u00e9. L\u2019\u00e9tablissement lab\u00e9lis\u00e9 Lyc\u00e9e des M\u00e9tiers compte 1280 apprenants et 130 collaborateurs et est situ\u00e9 \u00e0 Armenti\u00e8res avec h\u00e9bergement, restauration et cadre de vie accueillant.<\/p>\n","protected":false},"excerpt":{"rendered":"<p>Pour r\u00e9pondre au d\u00e9veloppement croissant de ses activit\u00e9s ainsi qu\u2019a ses besoins en recrutement dans le Service Apr\u00e8s Vente, Kubota Europe a nou\u00e9 le premier partenariat de l\u2019histoire des constructeurs d\u2019engins de construction avec un \u00e9tablissement scolaire en septembre 2019. La Kubota Acad\u00e9mie, inaugur\u00e9e le jeudi 4 octobre 2019, propose un BTS et un CQP[&#8230;]<\/p>\n","protected":false},"author":83,"featured_media":0,"parent":0,"menu_order":0,"comment_status":"closed","ping_status":"closed","template":"page-templates\/template-academy.php","meta":{"footnotes":"","_expiration-date-status":"","_expiration-date":0,"_expiration-date-type":"","_expiration-date-categories":[],"_expiration-date-options":[]},"class_list":["post-5826","page","type-page","status-publish","hentry"],"acf":[],"_links":{"self":[{"href":"https:\/\/ke.kubota-eu.com\/constructionmachinery\/fr\/wp-json\/wp\/v2\/pages\/5826","targetHints":{"allow":["GET"]}}],"collection":[{"href":"https:\/\/ke.kubota-eu.com\/constructionmachinery\/fr\/wp-json\/wp\/v2\/pages"}],"about":[{"href":"https:\/\/ke.kubota-eu.com\/constructionmachinery\/fr\/wp-json\/wp\/v2\/types\/page"}],"author":[{"embeddable":true,"href":"https:\/\/ke.kubota-eu.com\/constructionmachinery\/fr\/wp-json\/wp\/v2\/users\/83"}],"replies":[{"embeddable":true,"href":"https:\/\/ke.kubota-eu.com\/constructionmachinery\/fr\/wp-json\/wp\/v2\/comments?post=5826"}],"version-history":[{"count":5,"href":"https:\/\/ke.kubota-eu.com\/constructionmachinery\/fr\/wp-json\/wp\/v2\/pages\/5826\/revisions"}],"predecessor-version":[{"id":14103,"href":"https:\/\/ke.kubota-eu.com\/constructionmachinery\/fr\/wp-json\/wp\/v2\/pages\/5826\/revisions\/14103"}],"wp:attachment":[{"href":"https:\/\/ke.kubota-eu.com\/constructionmachinery\/fr\/wp-json\/wp\/v2\/media?parent=5826"}],"curies":[{"name":"wp","href":"https:\/\/api.w.org\/{rel}","templated":true}]}}