{"id":14104,"date":"2024-02-13T13:47:05","date_gmt":"2024-02-13T13:47:05","guid":{"rendered":"https:\/\/ke.kubota-eu.com\/constructionmachinery\/?page_id=14104"},"modified":"2024-04-26T12:20:30","modified_gmt":"2024-04-26T12:20:30","slug":"kubota-academie-2024","status":"publish","type":"page","link":"https:\/\/ke.kubota-eu.com\/constructionmachinery\/fr\/kubota-academie-2024\/","title":{"rendered":""},"content":{"rendered":"<section class=\"wpb-content-wrapper\"><p>[vc_row css=\u00a0\u00bb.vc_custom_1707832210024{margin-top: 0px !important;margin-right: 5% !important;margin-left: 5% !important;border-top-width: 0px !important;padding-top: 0px !important;}\u00a0\u00bb][vc_column css=\u00a0\u00bb.vc_custom_1707832224567{margin-top: 0px !important;border-top-width: 0px !important;padding-top: 0px !important;}\u00a0\u00bb][vc_column_text]<\/p>\n<h3 style=\"text-align: center;\">Vous avez du talent, devenez les experts de demain !<\/h3>\n<p>Pour r\u00e9pondre au d\u00e9veloppement croissant de ses activit\u00e9s ainsi qu&rsquo;\u00e0 ses besoins en recrutement dans le Service Apr\u00e8s Vente, Kubota Europe a nou\u00e9 le premier partenariat de l&rsquo;histoire des constructeurs d&rsquo;engins de construction avec un \u00e9tablissement scolaire en septembre 2019.<\/p>\n<p>La Kubota Acad\u00e9mie, inaugur\u00e9e le jeudi 4 octobre 2019, propose un BTS et un CQP de Maintenance des Mat\u00e9riels de Construction et de Manutention \u00e0<br \/>\nl&rsquo;Institut Nicolas Barr\u00e9. L&rsquo;\u00e9tablissement lab\u00e9lis\u00e9 Lyc\u00e9e des M\u00e9tiers compte 1280 apprenants et 130 collaborateurs et est situ\u00e9 \u00e0 Armenti\u00e8res avec h\u00e9bergement, restauration et cadre de vie accueillant.[\/vc_column_text][\/vc_column][\/vc_row][vc_row css=\u00a0\u00bb.vc_custom_1707832105762{margin-right: 5% !important;margin-left: 5% !important;}\u00a0\u00bb][vc_column width=\u00a0\u00bb1\/2&Prime;][vc_column_text]<\/p>\n<h3>TITULAIRES<\/h3>\n<ul>\n<li>Bac Pro Maintenance des Mat\u00e9riels de Construction et de Manutention<\/li>\n<li>Bac Pro Industriel (Bac Pro MEI, Bac Pro MELEC, Bac Pro AUTO\u2026)<\/li>\n<li>Bac g\u00e9n\u00e9raux et technologiques (Bac S, STI 2D&#8230;)<\/li>\n<li>Candidats(es) b\u00e9n\u00e9ficiant d&rsquo;une exp\u00e9rience professionnelle dans le secteur<\/li>\n<\/ul>\n<h3>AVANTAGES<\/h3>\n<ul>\n<li>CDI \u00e0 la cl\u00e9<\/li>\n<li>Accompagnement personnalis\u00e9<\/li>\n<li>Cursus professionnel<\/li>\n<li>Formation dipl\u00f4mante et financ\u00e9e<\/li>\n<li>H\u00e9bergement, Restauration et Transport*\u00a0pris en charge<br \/>\n*sur la base tarif sncf de seconde classe<\/li>\n<\/ul>\n<p>[\/vc_column_text][\/vc_column][vc_column width=\u00a0\u00bb1\/2&Prime;][vc_single_image image=\u00a0\u00bb14128&Prime; img_size=\u00a0\u00bblarge\u00a0\u00bb][\/vc_column][\/vc_row][vc_row css=\u00a0\u00bb.vc_custom_1707832110740{margin-right: 5% !important;margin-left: 5% !important;}\u00a0\u00bb][vc_column width=\u00a0\u00bb1\/2&Prime;][vc_single_image image=\u00a0\u00bb14122&Prime; img_size=\u00a0\u00bbfull\u00a0\u00bb][\/vc_column][vc_column width=\u00a0\u00bb1\/2&Prime;][vc_column_text]<\/p>\n<h3 style=\"text-align: center;\">BTS<\/h3>\n<p>Le d\u00e9tenant du Brevet de Technicien Sup\u00e9rieur de Maintenance de Mat\u00e9riels de Construction et de Manutention est capable d&rsquo;effectuerun diagnostic complet, de r\u00e9aliser les interventions de maintenance sur tout type de mat\u00e9riels au niveau m\u00e9canique, \u00e9lectrique, \u00e9lectronique, pneumatique et hydraulique, d&rsquo;assurer la relation avec un tiers y compris en anglais et de participer \u00e0 l&rsquo;organisation des activit\u00e9s du service.<\/p>\n<p>&nbsp;<\/p>\n<p style=\"text-align: center;\"><a href=\"https:\/\/ke.kubota-eu.com\/constructionmachinery\/wp-content\/uploads\/sites\/4\/2024\/04\/fiche-formation-BTS-MMCM-KUBOTA-2024.pdf\"><span style=\"border: 1px solid #00abae; color: white; background-color: #00abae; padding: 7px; font-size: 14px;\"><strong>D\u00e9couvrez la fiche formation<\/strong><\/span><\/a><\/p>\n<p>[\/vc_column_text][\/vc_column][\/vc_row][vc_row css=\u00a0\u00bb.vc_custom_1707832116639{margin-right: 5% !important;margin-left: 5% !important;}\u00a0\u00bb][vc_column width=\u00a0\u00bb1\/2&Prime;][vc_column_text]<\/p>\n<h3><\/h3>\n<h3 style=\"text-align: center;\">CQP<\/h3>\n<p>Le d\u00e9tenant du Certificat de Qualification Professionnelle de Maintenance des Mat\u00e9riels de Construction et de Manutention en\u00a0<em><strong>ATELIER\u00a0<\/strong><\/em>est capable d&rsquo;assurer l&rsquo;ensemble des op\u00e9rations de maintenance pr\u00e9ventive et curative des mat\u00e9riels.<\/p>\n<p>Apr\u00e8s le CQP TMMCM Atelier, il est possible de choisir l&rsquo;optionTechnicien\/ne de Maintenance des Mat\u00e9riels de Construction et de Manutention\u00a0<em><strong>ITINERANT<\/strong><\/em>.<\/p>\n<p>&nbsp;<\/p>\n<p style=\"text-align: center;\"><a href=\"https:\/\/ke.kubota-eu.com\/constructionmachinery\/wp-content\/uploads\/sites\/4\/2024\/04\/fiche-formation-CQP-TMMCM-KUBOTA-ATELIER-2024.pdf\"><span style=\"border: 1px solid #00abae; color: white; background-color: #00abae; padding: 7px; font-size: 14px;\"><strong>D\u00e9couvrez la fiche formation<\/strong><\/span><\/a><\/p>\n<p>[\/vc_column_text][\/vc_column][vc_column width=\u00a0\u00bb1\/2&Prime;][vc_single_image image=\u00a0\u00bb14115&Prime; img_size=\u00a0\u00bbfull\u00a0\u00bb][\/vc_column][\/vc_row][vc_row css=\u00a0\u00bb.vc_custom_1714117952368{margin-right: 5% !important;margin-left: 5% !important;}\u00a0\u00bb][vc_column][vc_column_text]<\/p>\n<h3 style=\"text-align: center;\">Vous voulez en savoir plus ?<\/h3>\n<p style=\"text-align: center;\"><a href=\"https:\/\/ke.kubota-eu.com\/constructionmachinery\/fr\/temoignages-kubota-academie\/\"><span style=\"border: 1px solid #00abae; color: white; background-color: #00abae; padding: 7px; font-size: 14px;\"><strong>Nos \u00e9l\u00e8ves en parlent <\/strong><\/span><\/a><\/p>\n<p>[\/vc_column_text][\/vc_column][\/vc_row]<\/p>\n<\/section>","protected":false},"excerpt":{"rendered":"<p>[vc_row css=\u00a0\u00bb.vc_custom_1707832210024{margin-top: 0px !important;margin-right: 5% !important;margin-left: 5% !important;border-top-width: 0px !important;padding-top: 0px !important;}\u00a0\u00bb][vc_column css=\u00a0\u00bb.vc_custom_1707832224567{margin-top: 0px !important;border-top-width: 0px !important;padding-top: 0px !important;}\u00a0\u00bb][vc_column_text] Vous avez du talent, devenez les experts de demain ! Pour r\u00e9pondre au d\u00e9veloppement croissant de ses activit\u00e9s ainsi qu&rsquo;\u00e0 ses besoins en recrutement dans le Service Apr\u00e8s Vente, Kubota Europe a nou\u00e9 le premier partenariat[&#8230;]<\/p>\n","protected":false},"author":1,"featured_media":0,"parent":0,"menu_order":0,"comment_status":"closed","ping_status":"closed","template":"","meta":{"footnotes":"","_expiration-date-status":"","_expiration-date":0,"_expiration-date-type":"","_expiration-date-categories":[],"_expiration-date-options":[]},"class_list":["post-14104","page","type-page","status-publish","hentry"],"acf":[],"_links":{"self":[{"href":"https:\/\/ke.kubota-eu.com\/constructionmachinery\/fr\/wp-json\/wp\/v2\/pages\/14104","targetHints":{"allow":["GET"]}}],"collection":[{"href":"https:\/\/ke.kubota-eu.com\/constructionmachinery\/fr\/wp-json\/wp\/v2\/pages"}],"about":[{"href":"https:\/\/ke.kubota-eu.com\/constructionmachinery\/fr\/wp-json\/wp\/v2\/types\/page"}],"author":[{"embeddable":true,"href":"https:\/\/ke.kubota-eu.com\/constructionmachinery\/fr\/wp-json\/wp\/v2\/users\/1"}],"replies":[{"embeddable":true,"href":"https:\/\/ke.kubota-eu.com\/constructionmachinery\/fr\/wp-json\/wp\/v2\/comments?post=14104"}],"version-history":[{"count":16,"href":"https:\/\/ke.kubota-eu.com\/constructionmachinery\/fr\/wp-json\/wp\/v2\/pages\/14104\/revisions"}],"predecessor-version":[{"id":14254,"href":"https:\/\/ke.kubota-eu.com\/constructionmachinery\/fr\/wp-json\/wp\/v2\/pages\/14104\/revisions\/14254"}],"wp:attachment":[{"href":"https:\/\/ke.kubota-eu.com\/constructionmachinery\/fr\/wp-json\/wp\/v2\/media?parent=14104"}],"curies":[{"name":"wp","href":"https:\/\/api.w.org\/{rel}","templated":true}]}}