{"id":20954,"date":"2020-12-02T16:20:17","date_gmt":"2020-12-02T16:20:17","guid":{"rendered":"https:\/\/ke.kubota-eu.com\/agriculture\/?page_id=20954"},"modified":"2020-12-04T13:50:29","modified_gmt":"2020-12-04T13:50:29","slug":"lagriculture-specialisee-accessible-avec-kubota-finance","status":"publish","type":"page","link":"https:\/\/ke.kubota-eu.com\/agriculture\/fr\/lagriculture-specialisee-accessible-avec-kubota-finance\/","title":{"rendered":"L\u2019AGRICULTURE SP\u00c9CIALIS\u00c9E ACCESSIBLE AVEC KUBOTA FINANCE"},"content":{"rendered":"<section class=\"wpb-content-wrapper\"><p>[vc_row css=\u00a0\u00bb.vc_custom_1606922155799{margin-right: 5% !important;margin-left: 5% !important;}\u00a0\u00bb][vc_column][vc_column_text]<span style=\"color: #000000\"><b>Kubota Finance vous propose une offre exceptionnelle en cr\u00e9dit-bail sur toutes les s\u00e9ries de\u00a0 tracteurs sp\u00e9cialis\u00e9s :\u00a0\u00a0<\/b><\/span><\/p>\n<ul>\n<li><span style=\"color: #000000\"><b>M5001 Low Profile\u00a0<\/b><\/span><\/li>\n<li><span style=\"color: #000000\"><b>M5001 Narrow\u00a0<\/b><\/span><\/li>\n<li><span style=\"color: #000000\"><b>M5001 Narrow Power Crawler\u00a0<\/b><\/span><\/li>\n<li><span style=\"color: #000000\"><b>M5001 Utility Narrow\u00a0<\/b><\/span><\/li>\n<\/ul>\n<p>[\/vc_column_text][vc_column_text css=\u00a0\u00bb.vc_custom_1607073576901{margin-top: 3% !important;}\u00a0\u00bb]<\/p>\n<p style=\"text-align: left\"><a href=\"https:\/\/ke.kubota-eu.com\/agriculture\/fr\/product-category\/tracteurs-specialises\/\"><span style=\"color: white;background: #00a8a9;padding: 7px\">En savoir plus sur les tracteurs sp\u00e9cialis\u00e9s<\/span><\/a><\/p>\n<p>[\/vc_column_text][vc_column_text]<\/p>\n<p style=\"text-align: left\"><a href=\"https:\/\/ke.kubota-eu.com\/fr\/service-support\/nos-concessionnaires\/\"><span style=\"color: white;background: #00a8a9;padding: 7px\">Mon concessionnaire Kubota<\/span><\/a><\/p>\n<p>[\/vc_column_text][\/vc_column][\/vc_row][vc_row css=\u00a0\u00bb.vc_custom_1606922166177{margin-right: 5% !important;margin-left: 5% !important;}\u00a0\u00bb][vc_column width=\u00a0\u00bb1\/2&Prime; css=\u00a0\u00bb.vc_custom_1607000508437{margin-top: 10% !important;margin-right: 5% !important;}\u00a0\u00bb][vc_single_image image=\u00a0\u00bb20994&Prime; img_size=\u00a0\u00bbfull\u00a0\u00bb][\/vc_column][vc_column width=\u00a0\u00bb1\/2&Prime; css=\u00a0\u00bb.vc_custom_1606923818926{margin-top: 15% !important;}\u00a0\u00bb][vc_column_text]<\/p>\n<p style=\"text-align: justify\"><span style=\"color: #000000\">Notre programme de financement de tracteurs sp\u00e9cialis\u00e9s en cr\u00e9dit-bail* <span style=\"font-weight: 400\">vous est propos\u00e9 \u00e0 des\u00a0 <\/span>conditions pr\u00e9f\u00e9rentielles <span style=\"font-weight: 400\">et est valable <\/span><\/span><span style=\"color: #000000\">jusqu\u2019au <strong>31 d\u00e9cembre 2020<\/strong>.<\/span><\/p>\n<p>[\/vc_column_text][vc_column_text]<\/p>\n<hr \/>\n<p style=\"text-align: center\"><strong><span style=\"color: #000000\">Offre exceptionnelle en cr\u00e9dit-bail d\u00e9di\u00e9e aux tracteurs sp\u00e9cialis\u00e9s Kubota. <\/span><\/strong><\/p>\n<p style=\"text-align: center\"><strong><span style=\"color: #000000\">Exemple de loyer pour un montant financ\u00e9 de 45 000\u20ac HT : 593,25\u20ac HT.<\/span><\/strong><\/p>\n<hr \/>\n<p>[\/vc_column_text][vc_column_text]<\/p>\n<p style=\"text-align: justify\"><span style=\"color: #000000\">Faites-vite, vous avez jusqu\u2019au <strong>31 d\u00e9cembre 2020<\/strong> pour faire partie des privil\u00e9gi\u00e9s !\u00a0<\/span><\/p>\n<p style=\"text-align: justify\"><span style=\"color: #000000\">Rapprochez-vous de votre concessionnaire le plus proche de chez vous, il vous communiquera\u00a0 toutes les informations n\u00e9cessaires.<\/span><\/p>\n<p>[\/vc_column_text][\/vc_column][\/vc_row][vc_row][vc_column css=\u00a0\u00bb.vc_custom_1607000694930{margin-top: 5% !important;}\u00a0\u00bb][vc_btn title=\u00a0\u00bbJE SOUHAITE BENEFICIER DE L&rsquo;OFFRE\u00a0\u00bb align=\u00a0\u00bbcenter\u00a0\u00bb link=\u00a0\u00bburl:https%3A%2F%2Fke.kubota-eu.com%2Ffr%2Fcontact%2F|||\u00a0\u00bb][\/vc_column][\/vc_row][vc_row css=\u00a0\u00bb.vc_custom_1606922428323{margin-top: 5% !important;margin-right: 5% !important;margin-left: 5% !important;}\u00a0\u00bb][vc_column][vc_column_text]<\/p>\n<p style=\"text-align: justify\"><span style=\"font-weight: 400\">* Exemple en cr\u00e9dit-bail, option d&rsquo;achat comprise, d&rsquo;un tracteur agricole \u00ab Narrow \u00bb au prix indicatif de 45 000 \u20ac HT : avec un 1<\/span><span style=\"font-weight: 400\">er <\/span><span style=\"font-weight: 400\">loyer <\/span><span style=\"font-weight: 400\">\u00a0<\/span><span style=\"font-weight: 400\">major\u00e9 de 10 000\u20ac HT et suivi de 59 loyers mensuels \u00e0 593,25 \u20ac HT, hors frais et assurances, <\/span><span style=\"font-weight: 400\">avec une valeur r\u00e9siduelle de 876,75 \u20ac HT, <\/span><span style=\"font-weight: 400\">\u00a0<\/span><span style=\"font-weight: 400\">soit un co\u00fbt total de cr\u00e9dit de 45 876,75\u20ac HT au bout des 5 ans.<\/span><span style=\"font-weight: 400\">\u00a0<\/span><\/p>\n<p style=\"text-align: justify\"><span style=\"font-weight: 400\">Offre r\u00e9serv\u00e9e aux professionnels et valable sur les tracteurs agricoles de la marque KUBOTA s\u00e9ries M Narrow neuves en stock dans <\/span><span style=\"font-weight: 400\">\u00a0<\/span><span style=\"font-weight: 400\">les concessions participant \u00e0 l\u2019op\u00e9ration. Les loyers sont payables mensuellement en terme \u00e0 \u00e9choir et par pr\u00e9l\u00e8vement automatique, <\/span><span style=\"font-weight: 400\">\u00a0<\/span><span style=\"font-weight: 400\">hors assurances et frais de dossier. Offre non compatible avec une autre offre commerciale KUBOTA Finance en cours. Sous r\u00e9serve <\/span><span style=\"font-weight: 400\">\u00a0<\/span><span style=\"font-weight: 400\">d\u2019acceptation du dossier de financement par KUBOTA Finance d\u00e9partement de BNP Paribas Lease Group \u2013 SA au capital de 285 <\/span><span style=\"font-weight: 400\">\u00a0<\/span><span style=\"font-weight: 400\">079248 euros \u2013 12 rue du Port \u2013 92000 Nanterre \u2013 632 017 513 RCS Nanterre. N\u00b0ORIAS 150 06 905 \u2013 <\/span><span style=\"font-weight: 400\">www.orias.fr<\/span><span style=\"font-weight: 400\">. Offre modifiable \u00e0 <\/span><span style=\"font-weight: 400\">\u00a0<\/span><span style=\"font-weight: 400\">tout moment et sans pr\u00e9avis par BNP Paribas Lease Group.<\/span><\/p>\n<p>[\/vc_column_text][\/vc_column][\/vc_row]<\/p>\n<\/section>","protected":false},"excerpt":{"rendered":"<p>[vc_row css=\u00a0\u00bb.vc_custom_1606922155799{margin-right: 5% !important;margin-left: 5% !important;}\u00a0\u00bb][vc_column][vc_column_text]Kubota Finance vous propose une offre exceptionnelle en cr\u00e9dit-bail sur toutes les s\u00e9ries de\u00a0 tracteurs sp\u00e9cialis\u00e9s :\u00a0\u00a0 M5001 Low Profile\u00a0 M5001 Narrow\u00a0 M5001 Narrow Power Crawler\u00a0 M5001 Utility Narrow\u00a0 [\/vc_column_text][vc_column_text css=\u00a0\u00bb.vc_custom_1607073576901{margin-top: 3% !important;}\u00a0\u00bb] En savoir plus sur les tracteurs sp\u00e9cialis\u00e9s [\/vc_column_text][vc_column_text] Mon concessionnaire Kubota [\/vc_column_text][\/vc_column][\/vc_row][vc_row css=\u00a0\u00bb.vc_custom_1606922166177{margin-right: 5% !important;margin-left: 5% !important;}\u00a0\u00bb][vc_column[&#8230;]<\/p>\n","protected":false},"author":501,"featured_media":0,"parent":0,"menu_order":0,"comment_status":"closed","ping_status":"closed","template":"","meta":{"footnotes":"","_expiration-date-status":"saved","_expiration-date":0,"_expiration-date-type":"","_expiration-date-categories":[],"_expiration-date-options":[]},"class_list":["post-20954","page","type-page","status-publish","hentry"],"acf":[],"_links":{"self":[{"href":"https:\/\/ke.kubota-eu.com\/agriculture\/fr\/wp-json\/wp\/v2\/pages\/20954","targetHints":{"allow":["GET"]}}],"collection":[{"href":"https:\/\/ke.kubota-eu.com\/agriculture\/fr\/wp-json\/wp\/v2\/pages"}],"about":[{"href":"https:\/\/ke.kubota-eu.com\/agriculture\/fr\/wp-json\/wp\/v2\/types\/page"}],"author":[{"embeddable":true,"href":"https:\/\/ke.kubota-eu.com\/agriculture\/fr\/wp-json\/wp\/v2\/users\/501"}],"replies":[{"embeddable":true,"href":"https:\/\/ke.kubota-eu.com\/agriculture\/fr\/wp-json\/wp\/v2\/comments?post=20954"}],"version-history":[{"count":22,"href":"https:\/\/ke.kubota-eu.com\/agriculture\/fr\/wp-json\/wp\/v2\/pages\/20954\/revisions"}],"predecessor-version":[{"id":21008,"href":"https:\/\/ke.kubota-eu.com\/agriculture\/fr\/wp-json\/wp\/v2\/pages\/20954\/revisions\/21008"}],"wp:attachment":[{"href":"https:\/\/ke.kubota-eu.com\/agriculture\/fr\/wp-json\/wp\/v2\/media?parent=20954"}],"curies":[{"name":"wp","href":"https:\/\/api.w.org\/{rel}","templated":true}]}}