{"id":18680,"date":"2020-08-10T09:44:42","date_gmt":"2020-08-10T09:44:42","guid":{"rendered":"https:\/\/ke.kubota-eu.com\/agriculture\/?page_id=18680"},"modified":"2021-07-12T09:34:18","modified_gmt":"2021-07-12T09:34:18","slug":"offre-privilege-kubota","status":"publish","type":"page","link":"https:\/\/ke.kubota-eu.com\/agriculture\/fr\/offre-privilege-kubota\/","title":{"rendered":"Offre privil\u00e8ge Kubota"},"content":{"rendered":"<section class=\"wpb-content-wrapper\"><p>[vc_row css=\u00a0\u00bb.vc_custom_1596808684706{margin-right: 7% !important;margin-left: 7% !important;}\u00a0\u00bb][vc_column][\/vc_column][\/vc_row][vc_row css=\u00a0\u00bb.vc_custom_1596808684706{margin-right: 7% !important;margin-left: 7% !important;}\u00a0\u00bb][vc_column width=\u00a0\u00bb1\/2&Prime;][vc_single_image image=\u00a0\u00bb18743&Prime; img_size=\u00a0\u00bbfull\u00a0\u00bb][\/vc_column][vc_column width=\u00a0\u00bb1\/2&Prime;][vc_empty_space][vc_column_text css=\u00a0\u00bb.vc_custom_1626082238308{margin-top: 7px !important;}\u00a0\u00bb]<\/p>\n<p style=\"color: #333333; font-size: 24px; text-align: justify;\"><strong>0,84 \u20ac\/balle, sans apport, en Chorus Loc 5 campagnes.<\/strong><\/p>\n<p style=\"font-size: 16px; text-align: justify;\"><strong>Le financement classique Chorus Cash est \u00e9galement disponible en cr\u00e9dit 5 campagnes \u00e0 taux 0%, 1er \u00e9ch\u00e9ance annuelle \u00e0 1 mois de la livraison.<\/strong><\/p>\n<p style=\"font-size: 16px; text-align: justify;\"><strong>Presses, garantie constructeur jusqu\u2019\u00e0 5 ans ou avec au maximum un total de 20 000 balles, au 1er des 2 termes atteints (hors pi\u00e8ces d\u2019usures, voir conditions chez votre concessionnaire).<\/strong><\/p>\n<p>[\/vc_column_text][vc_column_text css=\u00a0\u00bb.vc_custom_1626082256996{margin-top: 7px !important;}\u00a0\u00bb]<\/p>\n<p style=\"color: #333333; font-size: 28px; text-align: center;\"><strong>OFFRE UNIQUE <\/strong><\/p>\n<p style=\"text-align: center;\"><span style=\"color: #333333; font-size: 15px; text-align: center;\"><strong>JUSQU&rsquo;AU 31\/12\/2021<\/strong><\/span><\/p>\n<p>[\/vc_column_text][\/vc_column][\/vc_row][vc_row css=\u00a0\u00bb.vc_custom_1596810203434{margin-right: 7% !important;margin-left: 7% !important;background-color: #ef7a10 !important;}\u00a0\u00bb][vc_column][vc_column_text css=\u00a0\u00bb.vc_custom_1626082478260{background-color: #ef7a10 !important;}\u00a0\u00bb]<span style=\"color: #ffffff;\">Conditions de l&rsquo;offre<\/span><\/p>\n<p><span style=\"color: #ffffff;\">*Offre sp\u00e9ciale en location financi\u00e8re sur toutes les presses \u00e0 chambres fixes ou variables pour toute commande et acceptation du dossier de financement aupr\u00e8s de notre partenaire financier entre le 01\/07\/2021 et le 31\/12\/2021. Offre personnalisable pour une utilisation de 2 500 \u00e0 8 000 balles \/ an !<\/span><\/p>\n<p><span style=\"color: #ffffff;\">Exemple cit\u00e9 pour les mod\u00e8les BF3255 Plus ou BV4160 Plus au 01\/09\/2021 avec un total de 40 000 balles en fin de contrat. Hors garantie valeur d\u2019achat, frais de dossier et assurances \u00e0 la personne. Cet exemple ne constitue pas une offre de financement, mais une simple information n\u2019ayant aucun caract\u00e8re contractuel<\/span><\/p>\n<p><span style=\"color: #ffffff;\">*La location financi\u00e8re ou le cr\u00e9dit-bail et la garantie sont conditionn\u00e9s \u00e0 des r\u00e9visions hivernales annuelles par votre concessionnaire Kubota agr\u00e9\u00e9<\/span><\/p>\n<p><span style=\"color: #ffffff;\">*Voir conditions de Chorus Loc, cr\u00e9dit-bail Chorus Bail, financement classique Chorus Cash et garantie aupr\u00e8s de votre concessionnaire Kubota agr\u00e9\u00e9.<\/span>[\/vc_column_text][\/vc_column][\/vc_row]<\/p>\n<\/section>","protected":false},"excerpt":{"rendered":"<p>[vc_row css=\u00a0\u00bb.vc_custom_1596808684706{margin-right: 7% !important;margin-left: 7% !important;}\u00a0\u00bb][vc_column][\/vc_column][\/vc_row][vc_row css=\u00a0\u00bb.vc_custom_1596808684706{margin-right: 7% !important;margin-left: 7% !important;}\u00a0\u00bb][vc_column width=\u00a0\u00bb1\/2&Prime;][vc_single_image image=\u00a0\u00bb18743&Prime; img_size=\u00a0\u00bbfull\u00a0\u00bb][\/vc_column][vc_column width=\u00a0\u00bb1\/2&Prime;][vc_empty_space][vc_column_text css=\u00a0\u00bb.vc_custom_1626082238308{margin-top: 7px !important;}\u00a0\u00bb] 0,84 \u20ac\/balle, sans apport, en Chorus Loc 5 campagnes. Le financement classique Chorus Cash est \u00e9galement disponible en cr\u00e9dit 5 campagnes \u00e0 taux 0%, 1er \u00e9ch\u00e9ance annuelle \u00e0 1 mois de la livraison. Presses, garantie constructeur jusqu\u2019\u00e0[&#8230;]<\/p>\n","protected":false},"author":1,"featured_media":18749,"parent":0,"menu_order":0,"comment_status":"closed","ping_status":"closed","template":"","meta":{"footnotes":"","_expiration-date-status":"saved","_expiration-date":0,"_expiration-date-type":"","_expiration-date-categories":[],"_expiration-date-options":[]},"class_list":["post-18680","page","type-page","status-publish","has-post-thumbnail","hentry"],"acf":[],"_links":{"self":[{"href":"https:\/\/ke.kubota-eu.com\/agriculture\/fr\/wp-json\/wp\/v2\/pages\/18680","targetHints":{"allow":["GET"]}}],"collection":[{"href":"https:\/\/ke.kubota-eu.com\/agriculture\/fr\/wp-json\/wp\/v2\/pages"}],"about":[{"href":"https:\/\/ke.kubota-eu.com\/agriculture\/fr\/wp-json\/wp\/v2\/types\/page"}],"author":[{"embeddable":true,"href":"https:\/\/ke.kubota-eu.com\/agriculture\/fr\/wp-json\/wp\/v2\/users\/1"}],"replies":[{"embeddable":true,"href":"https:\/\/ke.kubota-eu.com\/agriculture\/fr\/wp-json\/wp\/v2\/comments?post=18680"}],"version-history":[{"count":41,"href":"https:\/\/ke.kubota-eu.com\/agriculture\/fr\/wp-json\/wp\/v2\/pages\/18680\/revisions"}],"predecessor-version":[{"id":25550,"href":"https:\/\/ke.kubota-eu.com\/agriculture\/fr\/wp-json\/wp\/v2\/pages\/18680\/revisions\/25550"}],"wp:featuredmedia":[{"embeddable":true,"href":"https:\/\/ke.kubota-eu.com\/agriculture\/fr\/wp-json\/wp\/v2\/media\/18749"}],"wp:attachment":[{"href":"https:\/\/ke.kubota-eu.com\/agriculture\/fr\/wp-json\/wp\/v2\/media?parent=18680"}],"curies":[{"name":"wp","href":"https:\/\/api.w.org\/{rel}","templated":true}]}}